{"id":7788,"date":"2025-04-22T09:55:39","date_gmt":"2025-04-22T07:55:39","guid":{"rendered":"https:\/\/www.lumieredencre.fr\/?page_id=7788"},"modified":"2026-01-23T17:15:38","modified_gmt":"2026-01-23T16:15:38","slug":"poste-a-pourvoir","status":"publish","type":"page","link":"https:\/\/www.lumieredencre.fr\/en\/poste-a-pourvoir\/","title":{"rendered":"OUR SCHOOL OFFERS"},"content":{"rendered":"<div data-elementor-type=\"wp-page\" data-elementor-id=\"7788\" class=\"elementor elementor-7788\">\n\t\t\t\t<div class=\"elementor-element elementor-element-271dc49a e-flex e-con-boxed wpr-particle-no wpr-jarallax-no wpr-parallax-no wpr-sticky-section-no wpr-equal-height-no e-con e-parent\" data-id=\"271dc49a\" data-element_type=\"container\" data-e-type=\"container\" data-settings=\"{&quot;background_background&quot;:&quot;classic&quot;}\">\n\t\t\t\t\t<div class=\"e-con-inner\">\n\t\t\t\t<div class=\"elementor-element elementor-element-4f791375 elementor-widget elementor-widget-heading\" data-id=\"4f791375\" data-element_type=\"widget\" data-e-type=\"widget\" data-widget_type=\"heading.default\">\n\t\t\t\t\t<h2 class=\"elementor-heading-title elementor-size-default\">OUR SCHOOL OFFERS<\/h2>\t\t\t\t<\/div>\n\t\t\t\t\t<\/div>\n\t\t\t\t<\/div>\n\t\t<div class=\"elementor-element elementor-element-4205d821 e-flex e-con-boxed wpr-particle-no wpr-jarallax-no wpr-parallax-no wpr-sticky-section-no wpr-equal-height-no e-con e-parent\" data-id=\"4205d821\" data-element_type=\"container\" data-e-type=\"container\" data-settings=\"{&quot;shape_divider_bottom&quot;:&quot;tilt&quot;}\">\n\t\t\t\t\t<div class=\"e-con-inner\">\n\t\t\t\t<div class=\"elementor-shape elementor-shape-bottom\" aria-hidden=\"true\" data-negative=\"false\">\n\t\t\t<svg xmlns=\"http:\/\/www.w3.org\/2000\/svg\" viewbox=\"0 0 1000 100\" preserveaspectratio=\"none\">\n\t<path class=\"elementor-shape-fill\" d=\"M0,6V0h1000v100L0,6z\"\/>\n<\/svg>\t\t<\/div>\n\t\t<div class=\"elementor-element elementor-element-11cb34d1 e-con-full e-flex wpr-particle-no wpr-jarallax-no wpr-parallax-no wpr-sticky-section-no wpr-equal-height-no e-con e-child\" data-id=\"11cb34d1\" data-element_type=\"container\" data-e-type=\"container\">\n\t\t\t\t<div class=\"elementor-element elementor-element-46b44722 elementor-widget elementor-widget-heading\" data-id=\"46b44722\" data-element_type=\"widget\" data-e-type=\"widget\" data-widget_type=\"heading.default\">\n\t\t\t\t\t<h2 class=\"elementor-heading-title elementor-size-default\">\nWe regularly recruit civic service workers, and here are our next recruitments :\n<\/h2>\t\t\t\t<\/div>\n\t\t\t\t<div class=\"elementor-element elementor-element-26810534 elementor-widget-divider--view-line elementor-widget elementor-widget-divider\" data-id=\"26810534\" data-element_type=\"widget\" data-e-type=\"widget\" data-widget_type=\"divider.default\">\n\t\t\t\t\t\t\t<div class=\"elementor-divider\">\n\t\t\t<span class=\"elementor-divider-separator\">\n\t\t\t\t\t\t<\/span>\n\t\t<\/div>\n\t\t\t\t\t\t<\/div>\n\t\t\t\t<\/div>\n\t\t<div class=\"elementor-element elementor-element-53505b01 e-con-full e-flex wpr-particle-no wpr-jarallax-no wpr-parallax-no wpr-sticky-section-no wpr-equal-height-no elementor-invisible e-con e-child\" data-id=\"53505b01\" data-element_type=\"container\" data-e-type=\"container\" data-settings=\"{&quot;background_background&quot;:&quot;classic&quot;,&quot;animation&quot;:&quot;fadeInDown&quot;}\">\n\t\t\t\t<div class=\"elementor-element elementor-element-51d5ce14 elementor-widget elementor-widget-heading\" data-id=\"51d5ce14\" data-element_type=\"widget\" data-e-type=\"widget\" data-widget_type=\"heading.default\">\n\t\t\t\t\t<h2 class=\"elementor-heading-title elementor-size-default\">Public Relations Officer \/ Cultural Art Mediator\n\n<\/h2>\t\t\t\t<\/div>\n\t\t\t\t<div class=\"elementor-element elementor-element-3a118027 elementor-widget elementor-widget-text-editor\" data-id=\"3a118027\" data-element_type=\"widget\" data-e-type=\"widget\" data-widget_type=\"text-editor.default\">\n\t\t\t\t\t\t\t\t\t<p>Ce poste est ouvert en\u00a0 Service Civique \u2013 Dur\u00e9e flexible (<a href=\"https:\/\/www.lumieredencre.fr\/wp-content\/uploads\/2025\/04\/Offre-de-Service-Civique-1.pdf\">see job description<\/a>)<br \/>Postes \u00e0 pourvoir en Avril 2026.<br \/>Send us your CV and cover letter at\u00a0<a href=\"mailto:administration@lumieredencre.fr\">administration@lumieredencre.fr<\/a><\/p>\t\t\t\t\t\t\t\t<\/div>\n\t\t\t\t<\/div>\n\t\t\t\t\t<\/div>\n\t\t\t\t<\/div>\n\t\t\t\t<section class=\"elementor-section elementor-top-section elementor-element elementor-element-c77312c elementor-section-boxed elementor-section-height-default elementor-section-height-default wpr-particle-no wpr-jarallax-no wpr-parallax-no wpr-sticky-section-no wpr-equal-height-no\" data-id=\"c77312c\" data-element_type=\"section\" data-e-type=\"section\" data-settings=\"{&quot;background_background&quot;:&quot;classic&quot;}\">\n\t\t\t\t\t\t\t<div class=\"elementor-background-overlay\"><\/div>\n\t\t\t\t\t\t\t<div class=\"elementor-container elementor-column-gap-default\">\n\t\t\t\t\t<div class=\"elementor-column elementor-col-100 elementor-top-column elementor-element elementor-element-a52653e\" data-id=\"a52653e\" data-element_type=\"column\" data-e-type=\"column\">\n\t\t\t<div class=\"elementor-widget-wrap elementor-element-populated\">\n\t\t\t\t\t\t<div class=\"elementor-element elementor-element-7c9ad8e elementor-invisible elementor-widget elementor-widget-text-editor\" data-id=\"7c9ad8e\" data-element_type=\"widget\" data-e-type=\"widget\" data-settings=\"{&quot;_animation&quot;:&quot;bounceIn&quot;}\" data-widget_type=\"text-editor.default\">\n\t\t\t\t\t\t\t\t\t<p>For contact us<\/p>\t\t\t\t\t\t\t\t<\/div>\n\t\t\t\t\t<\/div>\n\t\t<\/div>\n\t\t\t\t\t<\/div>\n\t\t<\/section>\n\t\t<div class=\"elementor-element elementor-element-6c6ec26 e-flex e-con-boxed wpr-particle-no wpr-jarallax-no wpr-parallax-no wpr-sticky-section-no wpr-equal-height-no e-con e-parent\" data-id=\"6c6ec26\" data-element_type=\"container\" data-e-type=\"container\" data-settings=\"{&quot;background_background&quot;:&quot;classic&quot;}\">\n\t\t\t\t\t<div class=\"e-con-inner\">\n\t\t\t\t<div class=\"elementor-element elementor-element-acd7d31 elementor-widget elementor-widget-image\" data-id=\"acd7d31\" data-element_type=\"widget\" data-e-type=\"widget\" data-widget_type=\"image.default\">\n\t\t\t\t\t\t\t\t\t\t\t\t\t\t\t<img fetchpriority=\"high\" decoding=\"async\" width=\"1080\" height=\"132\" src=\"https:\/\/www.lumieredencre.fr\/wp-content\/uploads\/2025\/04\/footer-2.png\" class=\"attachment-full size-full wp-image-10124\" alt=\"\" srcset=\"https:\/\/www.lumieredencre.fr\/wp-content\/uploads\/2025\/04\/footer-2.png 1080w, https:\/\/www.lumieredencre.fr\/wp-content\/uploads\/2025\/04\/footer-2-300x37.png 300w, https:\/\/www.lumieredencre.fr\/wp-content\/uploads\/2025\/04\/footer-2-1024x125.png 1024w, https:\/\/www.lumieredencre.fr\/wp-content\/uploads\/2025\/04\/footer-2-768x94.png 768w, https:\/\/www.lumieredencre.fr\/wp-content\/uploads\/2025\/04\/footer-2-400x49.png 400w, https:\/\/www.lumieredencre.fr\/wp-content\/uploads\/2025\/04\/footer-2-510x62.png 510w, https:\/\/www.lumieredencre.fr\/wp-content\/uploads\/2025\/04\/footer-2-980x120.png 980w, https:\/\/www.lumieredencre.fr\/wp-content\/uploads\/2025\/04\/footer-2-480x59.png 480w\" sizes=\"(max-width: 1080px) 100vw, 1080px\" \/>\t\t\t\t\t\t\t\t\t\t\t\t\t\t\t<\/div>\n\t\t\t\t\t<\/div>\n\t\t\t\t<\/div>\n\t\t<div class=\"elementor-element elementor-element-158a8fd e-flex e-con-boxed wpr-particle-no wpr-jarallax-no wpr-parallax-no wpr-sticky-section-no wpr-equal-height-no e-con e-parent\" data-id=\"158a8fd\" data-element_type=\"container\" data-e-type=\"container\">\n\t\t\t\t\t<div class=\"e-con-inner\">\n\t\t<div class=\"elementor-element elementor-element-ba62d4b e-con-full e-flex wpr-particle-no wpr-jarallax-no wpr-parallax-no wpr-sticky-section-no wpr-equal-height-no e-con e-child\" data-id=\"ba62d4b\" data-element_type=\"container\" data-e-type=\"container\">\n\t\t\t\t<div class=\"elementor-element elementor-element-b0f29b9 elementor-widget elementor-widget-image\" data-id=\"b0f29b9\" data-element_type=\"widget\" data-e-type=\"widget\" data-widget_type=\"image.default\">\n\t\t\t\t\t\t\t\t\t\t\t\t\t\t\t\t<a href=\"https:\/\/www.lumieredencre.fr\/en\/\">\n\t\t\t\t\t\t\t<img decoding=\"async\" width=\"800\" height=\"600\" src=\"https:\/\/www.lumieredencre.fr\/wp-content\/uploads\/2025\/04\/LUMIERE-LOGO-NEW-min.jpg\" class=\"attachment-large size-large wp-image-9580\" alt=\"Centre d&#039;art et de photographie C\u00e9ret\" srcset=\"https:\/\/www.lumieredencre.fr\/wp-content\/uploads\/2025\/04\/LUMIERE-LOGO-NEW-min.jpg 800w, https:\/\/www.lumieredencre.fr\/wp-content\/uploads\/2025\/04\/LUMIERE-LOGO-NEW-min-600x450.jpg 600w, https:\/\/www.lumieredencre.fr\/wp-content\/uploads\/2025\/04\/LUMIERE-LOGO-NEW-min-300x225.jpg 300w, https:\/\/www.lumieredencre.fr\/wp-content\/uploads\/2025\/04\/LUMIERE-LOGO-NEW-min-768x576.jpg 768w, https:\/\/www.lumieredencre.fr\/wp-content\/uploads\/2025\/04\/LUMIERE-LOGO-NEW-min-333x250.jpg 333w, https:\/\/www.lumieredencre.fr\/wp-content\/uploads\/2025\/04\/LUMIERE-LOGO-NEW-min-379x284.jpg 379w, https:\/\/www.lumieredencre.fr\/wp-content\/uploads\/2025\/04\/LUMIERE-LOGO-NEW-min-510x382.jpg 510w, https:\/\/www.lumieredencre.fr\/wp-content\/uploads\/2025\/04\/LUMIERE-LOGO-NEW-min-400x300.jpg 400w, https:\/\/www.lumieredencre.fr\/wp-content\/uploads\/2025\/04\/LUMIERE-LOGO-NEW-min-735x551.jpg 735w, https:\/\/www.lumieredencre.fr\/wp-content\/uploads\/2025\/04\/LUMIERE-LOGO-NEW-min-360x270.jpg 360w\" sizes=\"(max-width: 800px) 100vw, 800px\" \/>\t\t\t\t\t\t\t\t<\/a>\n\t\t\t\t\t\t\t\t\t\t\t\t\t\t\t<\/div>\n\t\t\t\t<\/div>\n\t\t<div class=\"elementor-element elementor-element-9835626 e-con-full e-flex wpr-particle-no wpr-jarallax-no wpr-parallax-no wpr-sticky-section-no wpr-equal-height-no e-con e-child\" data-id=\"9835626\" data-element_type=\"container\" data-e-type=\"container\">\n\t\t\t\t<div class=\"elementor-element elementor-element-b4942a5 elementor-widget elementor-widget-heading\" data-id=\"b4942a5\" data-element_type=\"widget\" data-e-type=\"widget\" data-widget_type=\"heading.default\">\n\t\t\t\t\t<h2 class=\"elementor-heading-title elementor-size-default\">Centre d'Art et de Photographie<\/h2>\t\t\t\t<\/div>\n\t\t\t\t<div class=\"elementor-element elementor-element-4edd61b elementor-widget elementor-widget-text-editor\" data-id=\"4edd61b\" data-element_type=\"widget\" data-e-type=\"widget\" data-widget_type=\"text-editor.default\">\n\t\t\t\t\t\t\t\t\t<p>Lumi\u00e8re d&rsquo;Encre, Place Pablo Picasso, C\u00e9ret<\/p><p>04 30 82 73 30<\/p><p>contact@lumieredencre.fr<\/p>\t\t\t\t\t\t\t\t<\/div>\n\t\t\t\t<\/div>\n\t\t<div class=\"elementor-element elementor-element-4f8b7ef e-con-full e-flex wpr-particle-no wpr-jarallax-no wpr-parallax-no wpr-sticky-section-no wpr-equal-height-no e-con e-child\" data-id=\"4f8b7ef\" data-element_type=\"container\" data-e-type=\"container\">\n\t\t\t\t<div class=\"elementor-element elementor-element-28b9591 elementor-widget elementor-widget-heading\" data-id=\"28b9591\" data-element_type=\"widget\" data-e-type=\"widget\" data-widget_type=\"heading.default\">\n\t\t\t\t\t<h2 class=\"elementor-heading-title elementor-size-default\">About<\/h2>\t\t\t\t<\/div>\n\t\t\t\t<div class=\"elementor-element elementor-element-e0bd5d0 elementor-widget elementor-widget-text-editor\" data-id=\"e0bd5d0\" data-element_type=\"widget\" data-e-type=\"widget\" data-widget_type=\"text-editor.default\">\n\t\t\t\t\t\t\t\t\t<p><a href=\"https:\/\/www.lumieredencre.fr\/en\/adherez-a-lumiere-dencre\/\">Adh\u00e9rez \u00e0 Lumi\u00e8re d&rsquo;Encre<\/a><\/p><p><a href=\"https:\/\/www.lumieredencre.fr\/en\/poste-a-pourvoir\/\">Our school offers<\/a><\/p>\t\t\t\t\t\t\t\t<\/div>\n\t\t\t\t<\/div>\n\t\t\t\t\t<\/div>\n\t\t\t\t<\/div>\n\t\t\t\t<\/div>","protected":false},"excerpt":{"rendered":"<p>Les postes \u00e0 pourvoir Nous recrutons r\u00e9guli\u00e8rement des engag\u00e9s en service civique, voici les prochains recrutements Charg\u00e9-e des publics \/ M\u00e9diateur-trice culturel de l\u2019art Ce poste est ouvert en\u00a0 Service Civique \u2013 Dur\u00e9e flexible (voir fiche de poste)Postes \u00e0 pourvoir en Avril 2026.Adressez-nous un CV avec une lettre de motivation \u00e0\u00a0administration@lumieredencre.fr Pour nous contacter Centre d&rsquo;Art et de Photographie Lumi\u00e8re d&rsquo;Encre, Place Pablo Picasso, C\u00e9ret 04 30 82 73 30 contact@lumieredencre.fr \u00c0 propos Adh\u00e9rez \u00e0 Lumi\u00e8re d&rsquo;Encre Poste \u00e0 Pourvoir<\/p>","protected":false},"author":1,"featured_media":0,"parent":0,"menu_order":0,"comment_status":"closed","ping_status":"closed","template":"","meta":{"site-sidebar-layout":"no-sidebar","site-content-layout":"","ast-site-content-layout":"full-width-container","site-content-style":"default","site-sidebar-style":"default","ast-global-header-display":"","ast-banner-title-visibility":"","ast-main-header-display":"","ast-hfb-above-header-display":"","ast-hfb-below-header-display":"","ast-hfb-mobile-header-display":"","site-post-title":"disabled","ast-breadcrumbs-content":"","ast-featured-img":"disabled","footer-sml-layout":"","ast-disable-related-posts":"","theme-transparent-header-meta":"","adv-header-id-meta":"","stick-header-meta":"","header-above-stick-meta":"","header-main-stick-meta":"","header-below-stick-meta":"","astra-migrate-meta-layouts":"default","ast-page-background-enabled":"default","ast-page-background-meta":{"desktop":{"background-color":"var(--ast-global-color-5)","background-image":"","background-repeat":"repeat","background-position":"center center","background-size":"auto","background-attachment":"scroll","background-type":"","background-media":"","overlay-type":"","overlay-color":"","overlay-opacity":"","overlay-gradient":""},"tablet":{"background-color":"","background-image":"","background-repeat":"repeat","background-position":"center center","background-size":"auto","background-attachment":"scroll","background-type":"","background-media":"","overlay-type":"","overlay-color":"","overlay-opacity":"","overlay-gradient":""},"mobile":{"background-color":"","background-image":"","background-repeat":"repeat","background-position":"center center","background-size":"auto","background-attachment":"scroll","background-type":"","background-media":"","overlay-type":"","overlay-color":"","overlay-opacity":"","overlay-gradient":""}},"ast-content-background-meta":{"desktop":{"background-color":"var(--ast-global-color-4)","background-image":"","background-repeat":"repeat","background-position":"center center","background-size":"auto","background-attachment":"scroll","background-type":"","background-media":"","overlay-type":"","overlay-color":"","overlay-opacity":"","overlay-gradient":""},"tablet":{"background-color":"var(--ast-global-color-4)","background-image":"","background-repeat":"repeat","background-position":"center center","background-size":"auto","background-attachment":"scroll","background-type":"","background-media":"","overlay-type":"","overlay-color":"","overlay-opacity":"","overlay-gradient":""},"mobile":{"background-color":"var(--ast-global-color-4)","background-image":"","background-repeat":"repeat","background-position":"center center","background-size":"auto","background-attachment":"scroll","background-type":"","background-media":"","overlay-type":"","overlay-color":"","overlay-opacity":"","overlay-gradient":""}},"footnotes":""},"class_list":["post-7788","page","type-page","status-publish","hentry"],"yoast_head":"<!-- This site is optimized with the Yoast SEO plugin v27.4 - https:\/\/yoast.com\/product\/yoast-seo-wordpress\/ -->\n<title>Poste \u00e0 pourvoir -<\/title>\n<meta name=\"robots\" content=\"index, follow, max-snippet:-1, max-image-preview:large, max-video-preview:-1\" \/>\n<link rel=\"canonical\" href=\"https:\/\/www.lumieredencre.fr\/en\/poste-a-pourvoir\/\" \/>\n<meta property=\"og:locale\" content=\"en_GB\" \/>\n<meta property=\"og:type\" content=\"article\" \/>\n<meta property=\"og:title\" content=\"Poste \u00e0 pourvoir -\" \/>\n<meta property=\"og:description\" content=\"Les postes \u00e0 pourvoir Nous recrutons r\u00e9guli\u00e8rement des engag\u00e9s en service civique, voici les prochains recrutements Charg\u00e9-e des publics \/ M\u00e9diateur-trice culturel de l\u2019art Ce poste est ouvert en\u00a0 Service Civique \u2013 Dur\u00e9e flexible (voir fiche de poste)Postes \u00e0 pourvoir en Avril 2026.Adressez-nous un CV avec une lettre de motivation \u00e0\u00a0administration@lumieredencre.fr Pour nous contacter Centre d&rsquo;Art et de Photographie Lumi\u00e8re d&rsquo;Encre, Place Pablo Picasso, C\u00e9ret 04 30 82 73 30 contact@lumieredencre.fr \u00c0 propos Adh\u00e9rez \u00e0 Lumi\u00e8re d&rsquo;Encre Poste \u00e0 Pourvoir\" \/>\n<meta property=\"og:url\" content=\"https:\/\/www.lumieredencre.fr\/en\/poste-a-pourvoir\/\" \/>\n<meta property=\"article:publisher\" content=\"https:\/\/fr-fr.facebook.com\/LumieredEncre\" \/>\n<meta property=\"article:modified_time\" content=\"2026-01-23T16:15:38+00:00\" \/>\n<meta property=\"og:image\" content=\"https:\/\/www.lumieredencre.fr\/wp-content\/uploads\/2025\/04\/footer-2.png\" \/>\n\t<meta property=\"og:image:width\" content=\"1080\" \/>\n\t<meta property=\"og:image:height\" content=\"132\" \/>\n\t<meta property=\"og:image:type\" content=\"image\/png\" \/>\n<meta name=\"twitter:card\" content=\"summary_large_image\" \/>\n<meta name=\"twitter:site\" content=\"@lumieredencre\" \/>\n<meta name=\"twitter:label1\" content=\"Estimated reading time\" \/>\n\t<meta name=\"twitter:data1\" content=\"1 minute\" \/>\n<script type=\"application\/ld+json\" class=\"yoast-schema-graph\">{\"@context\":\"https:\\\/\\\/schema.org\",\"@graph\":[{\"@type\":\"WebPage\",\"@id\":\"https:\\\/\\\/www.lumieredencre.fr\\\/poste-a-pourvoir\\\/\",\"url\":\"https:\\\/\\\/www.lumieredencre.fr\\\/poste-a-pourvoir\\\/\",\"name\":\"Poste \u00e0 pourvoir -\",\"isPartOf\":{\"@id\":\"https:\\\/\\\/www.lumieredencre.fr\\\/#website\"},\"primaryImageOfPage\":{\"@id\":\"https:\\\/\\\/www.lumieredencre.fr\\\/poste-a-pourvoir\\\/#primaryimage\"},\"image\":{\"@id\":\"https:\\\/\\\/www.lumieredencre.fr\\\/poste-a-pourvoir\\\/#primaryimage\"},\"thumbnailUrl\":\"https:\\\/\\\/www.lumieredencre.fr\\\/wp-content\\\/uploads\\\/2025\\\/04\\\/footer-2.png\",\"datePublished\":\"2025-04-22T07:55:39+00:00\",\"dateModified\":\"2026-01-23T16:15:38+00:00\",\"breadcrumb\":{\"@id\":\"https:\\\/\\\/www.lumieredencre.fr\\\/poste-a-pourvoir\\\/#breadcrumb\"},\"inLanguage\":\"en-GB\",\"potentialAction\":[{\"@type\":\"ReadAction\",\"target\":[\"https:\\\/\\\/www.lumieredencre.fr\\\/poste-a-pourvoir\\\/\"]}]},{\"@type\":\"ImageObject\",\"inLanguage\":\"en-GB\",\"@id\":\"https:\\\/\\\/www.lumieredencre.fr\\\/poste-a-pourvoir\\\/#primaryimage\",\"url\":\"https:\\\/\\\/www.lumieredencre.fr\\\/wp-content\\\/uploads\\\/2025\\\/04\\\/footer-2.png\",\"contentUrl\":\"https:\\\/\\\/www.lumieredencre.fr\\\/wp-content\\\/uploads\\\/2025\\\/04\\\/footer-2.png\"},{\"@type\":\"BreadcrumbList\",\"@id\":\"https:\\\/\\\/www.lumieredencre.fr\\\/poste-a-pourvoir\\\/#breadcrumb\",\"itemListElement\":[{\"@type\":\"ListItem\",\"position\":1,\"name\":\"Accueil\",\"item\":\"https:\\\/\\\/www.lumieredencre.fr\\\/\"},{\"@type\":\"ListItem\",\"position\":2,\"name\":\"Poste \u00e0 pourvoir\"}]},{\"@type\":\"WebSite\",\"@id\":\"https:\\\/\\\/www.lumieredencre.fr\\\/#website\",\"url\":\"https:\\\/\\\/www.lumieredencre.fr\\\/\",\"name\":\"Lumi\u00e8re d Encre\",\"description\":\"\",\"publisher\":{\"@id\":\"https:\\\/\\\/www.lumieredencre.fr\\\/#organization\"},\"potentialAction\":[{\"@type\":\"SearchAction\",\"target\":{\"@type\":\"EntryPoint\",\"urlTemplate\":\"https:\\\/\\\/www.lumieredencre.fr\\\/?s={search_term_string}\"},\"query-input\":{\"@type\":\"PropertyValueSpecification\",\"valueRequired\":true,\"valueName\":\"search_term_string\"}}],\"inLanguage\":\"en-GB\"},{\"@type\":\"Organization\",\"@id\":\"https:\\\/\\\/www.lumieredencre.fr\\\/#organization\",\"name\":\"Lumi\u00e8re d'Encre\",\"url\":\"https:\\\/\\\/www.lumieredencre.fr\\\/\",\"logo\":{\"@type\":\"ImageObject\",\"inLanguage\":\"en-GB\",\"@id\":\"https:\\\/\\\/www.lumieredencre.fr\\\/#\\\/schema\\\/logo\\\/image\\\/\",\"url\":\"https:\\\/\\\/www.lumieredencre.fr\\\/wp-content\\\/uploads\\\/2020\\\/07\\\/Logo-LE-3820px-en-300dpi-Gris--scaled.jpg\",\"contentUrl\":\"https:\\\/\\\/www.lumieredencre.fr\\\/wp-content\\\/uploads\\\/2020\\\/07\\\/Logo-LE-3820px-en-300dpi-Gris--scaled.jpg\",\"width\":2560,\"height\":1920,\"caption\":\"Lumi\u00e8re d'Encre\"},\"image\":{\"@id\":\"https:\\\/\\\/www.lumieredencre.fr\\\/#\\\/schema\\\/logo\\\/image\\\/\"},\"sameAs\":[\"https:\\\/\\\/fr-fr.facebook.com\\\/LumieredEncre\",\"https:\\\/\\\/x.com\\\/lumieredencre\",\"https:\\\/\\\/www.instagram.com\\\/lumieredencre\\\/\",\"https:\\\/\\\/www.linkedin.com\\\/in\\\/lumi\u00e8re-d-encre-a57079111\\\/\",\"https:\\\/\\\/www.youtube.com\\\/channel\\\/UCavaW2PxkCTIvqlpBM07aYQ\\\/featured?view_as=subscriber\"]}]}<\/script>\n<!-- \/ Yoast SEO plugin. -->","yoast_head_json":{"title":"Poste \u00e0 pourvoir -","robots":{"index":"index","follow":"follow","max-snippet":"max-snippet:-1","max-image-preview":"max-image-preview:large","max-video-preview":"max-video-preview:-1"},"canonical":"https:\/\/www.lumieredencre.fr\/en\/poste-a-pourvoir\/","og_locale":"en_GB","og_type":"article","og_title":"Poste \u00e0 pourvoir -","og_description":"Les postes \u00e0 pourvoir Nous recrutons r\u00e9guli\u00e8rement des engag\u00e9s en service civique, voici les prochains recrutements Charg\u00e9-e des publics \/ M\u00e9diateur-trice culturel de l\u2019art Ce poste est ouvert en\u00a0 Service Civique \u2013 Dur\u00e9e flexible (voir fiche de poste)Postes \u00e0 pourvoir en Avril 2026.Adressez-nous un CV avec une lettre de motivation \u00e0\u00a0administration@lumieredencre.fr Pour nous contacter Centre d&rsquo;Art et de Photographie Lumi\u00e8re d&rsquo;Encre, Place Pablo Picasso, C\u00e9ret 04 30 82 73 30 contact@lumieredencre.fr \u00c0 propos Adh\u00e9rez \u00e0 Lumi\u00e8re d&rsquo;Encre Poste \u00e0 Pourvoir","og_url":"https:\/\/www.lumieredencre.fr\/en\/poste-a-pourvoir\/","article_publisher":"https:\/\/fr-fr.facebook.com\/LumieredEncre","article_modified_time":"2026-01-23T16:15:38+00:00","og_image":[{"width":1080,"height":132,"url":"https:\/\/www.lumieredencre.fr\/wp-content\/uploads\/2025\/04\/footer-2.png","type":"image\/png"}],"twitter_card":"summary_large_image","twitter_site":"@lumieredencre","twitter_misc":{"Estimated reading time":"1 minute"},"schema":{"@context":"https:\/\/schema.org","@graph":[{"@type":"WebPage","@id":"https:\/\/www.lumieredencre.fr\/poste-a-pourvoir\/","url":"https:\/\/www.lumieredencre.fr\/poste-a-pourvoir\/","name":"Poste \u00e0 pourvoir -","isPartOf":{"@id":"https:\/\/www.lumieredencre.fr\/#website"},"primaryImageOfPage":{"@id":"https:\/\/www.lumieredencre.fr\/poste-a-pourvoir\/#primaryimage"},"image":{"@id":"https:\/\/www.lumieredencre.fr\/poste-a-pourvoir\/#primaryimage"},"thumbnailUrl":"https:\/\/www.lumieredencre.fr\/wp-content\/uploads\/2025\/04\/footer-2.png","datePublished":"2025-04-22T07:55:39+00:00","dateModified":"2026-01-23T16:15:38+00:00","breadcrumb":{"@id":"https:\/\/www.lumieredencre.fr\/poste-a-pourvoir\/#breadcrumb"},"inLanguage":"en-GB","potentialAction":[{"@type":"ReadAction","target":["https:\/\/www.lumieredencre.fr\/poste-a-pourvoir\/"]}]},{"@type":"ImageObject","inLanguage":"en-GB","@id":"https:\/\/www.lumieredencre.fr\/poste-a-pourvoir\/#primaryimage","url":"https:\/\/www.lumieredencre.fr\/wp-content\/uploads\/2025\/04\/footer-2.png","contentUrl":"https:\/\/www.lumieredencre.fr\/wp-content\/uploads\/2025\/04\/footer-2.png"},{"@type":"BreadcrumbList","@id":"https:\/\/www.lumieredencre.fr\/poste-a-pourvoir\/#breadcrumb","itemListElement":[{"@type":"ListItem","position":1,"name":"Accueil","item":"https:\/\/www.lumieredencre.fr\/"},{"@type":"ListItem","position":2,"name":"Poste \u00e0 pourvoir"}]},{"@type":"WebSite","@id":"https:\/\/www.lumieredencre.fr\/#website","url":"https:\/\/www.lumieredencre.fr\/","name":"Lumi\u00e8re d Encre","description":"","publisher":{"@id":"https:\/\/www.lumieredencre.fr\/#organization"},"potentialAction":[{"@type":"SearchAction","target":{"@type":"EntryPoint","urlTemplate":"https:\/\/www.lumieredencre.fr\/?s={search_term_string}"},"query-input":{"@type":"PropertyValueSpecification","valueRequired":true,"valueName":"search_term_string"}}],"inLanguage":"en-GB"},{"@type":"Organization","@id":"https:\/\/www.lumieredencre.fr\/#organization","name":"Lumi\u00e8re d'Encre","url":"https:\/\/www.lumieredencre.fr\/","logo":{"@type":"ImageObject","inLanguage":"en-GB","@id":"https:\/\/www.lumieredencre.fr\/#\/schema\/logo\/image\/","url":"https:\/\/www.lumieredencre.fr\/wp-content\/uploads\/2020\/07\/Logo-LE-3820px-en-300dpi-Gris--scaled.jpg","contentUrl":"https:\/\/www.lumieredencre.fr\/wp-content\/uploads\/2020\/07\/Logo-LE-3820px-en-300dpi-Gris--scaled.jpg","width":2560,"height":1920,"caption":"Lumi\u00e8re d'Encre"},"image":{"@id":"https:\/\/www.lumieredencre.fr\/#\/schema\/logo\/image\/"},"sameAs":["https:\/\/fr-fr.facebook.com\/LumieredEncre","https:\/\/x.com\/lumieredencre","https:\/\/www.instagram.com\/lumieredencre\/","https:\/\/www.linkedin.com\/in\/lumi\u00e8re-d-encre-a57079111\/","https:\/\/www.youtube.com\/channel\/UCavaW2PxkCTIvqlpBM07aYQ\/featured?view_as=subscriber"]}]}},"jetpack_sharing_enabled":true,"_links":{"self":[{"href":"https:\/\/www.lumieredencre.fr\/en\/wp-json\/wp\/v2\/pages\/7788","targetHints":{"allow":["GET"]}}],"collection":[{"href":"https:\/\/www.lumieredencre.fr\/en\/wp-json\/wp\/v2\/pages"}],"about":[{"href":"https:\/\/www.lumieredencre.fr\/en\/wp-json\/wp\/v2\/types\/page"}],"author":[{"embeddable":true,"href":"https:\/\/www.lumieredencre.fr\/en\/wp-json\/wp\/v2\/users\/1"}],"replies":[{"embeddable":true,"href":"https:\/\/www.lumieredencre.fr\/en\/wp-json\/wp\/v2\/comments?post=7788"}],"version-history":[{"count":77,"href":"https:\/\/www.lumieredencre.fr\/en\/wp-json\/wp\/v2\/pages\/7788\/revisions"}],"predecessor-version":[{"id":13105,"href":"https:\/\/www.lumieredencre.fr\/en\/wp-json\/wp\/v2\/pages\/7788\/revisions\/13105"}],"wp:attachment":[{"href":"https:\/\/www.lumieredencre.fr\/en\/wp-json\/wp\/v2\/media?parent=7788"}],"curies":[{"name":"wp","href":"https:\/\/api.w.org\/{rel}","templated":true}]}}