{"id":7765,"date":"2025-04-22T09:49:59","date_gmt":"2025-04-22T07:49:59","guid":{"rendered":"https:\/\/www.lumieredencre.fr\/?page_id=7765"},"modified":"2026-03-19T15:39:04","modified_gmt":"2026-03-19T14:39:04","slug":"exposition-a-venir","status":"publish","type":"page","link":"https:\/\/www.lumieredencre.fr\/en\/exposition-a-venir\/","title":{"rendered":"TO COME"},"content":{"rendered":"<div data-elementor-type=\"wp-page\" data-elementor-id=\"7765\" class=\"elementor elementor-7765\">\n\t\t\t\t<div class=\"elementor-element elementor-element-679e0bf9 e-con-full e-flex wpr-particle-no wpr-jarallax-no wpr-parallax-no wpr-sticky-section-no wpr-equal-height-no e-con e-parent\" data-id=\"679e0bf9\" data-element_type=\"container\" data-e-type=\"container\" data-settings=\"{&quot;background_background&quot;:&quot;classic&quot;}\">\n\t\t\t\t<div class=\"elementor-element elementor-element-14e845a2 elementor-invisible elementor-widget elementor-widget-heading\" data-id=\"14e845a2\" data-element_type=\"widget\" data-e-type=\"widget\" data-settings=\"{&quot;_animation&quot;:&quot;fadeIn&quot;}\" data-widget_type=\"heading.default\">\n\t\t\t\t\t<h2 class=\"elementor-heading-title elementor-size-default\">EXPOSITION S\u00c9BASTIEN NORMAND\n<\/h2>\t\t\t\t<\/div>\n\t\t\t\t<\/div>\n\t\t\t\t<section class=\"elementor-section elementor-top-section elementor-element elementor-element-576e7dd9 elementor-section-boxed elementor-section-height-default elementor-section-height-default wpr-particle-no wpr-jarallax-no wpr-parallax-no wpr-sticky-section-no wpr-equal-height-no\" data-id=\"576e7dd9\" data-element_type=\"section\" data-e-type=\"section\" data-settings=\"{&quot;background_background&quot;:&quot;classic&quot;,&quot;shape_divider_bottom&quot;:&quot;tilt&quot;}\">\n\t\t\t\t\t\t\t<div class=\"elementor-background-overlay\"><\/div>\n\t\t\t\t\t\t<div class=\"elementor-shape elementor-shape-bottom\" aria-hidden=\"true\" data-negative=\"false\">\n\t\t\t<svg xmlns=\"http:\/\/www.w3.org\/2000\/svg\" viewbox=\"0 0 1000 100\" preserveaspectratio=\"none\">\n\t<path class=\"elementor-shape-fill\" d=\"M0,6V0h1000v100L0,6z\"\/>\n<\/svg>\t\t<\/div>\n\t\t\t\t\t<div class=\"elementor-container elementor-column-gap-default\">\n\t\t\t\t\t<div class=\"elementor-column elementor-col-100 elementor-top-column elementor-element elementor-element-13148246\" data-id=\"13148246\" data-element_type=\"column\" data-e-type=\"column\">\n\t\t\t<div class=\"elementor-widget-wrap elementor-element-populated\">\n\t\t\t\t\t\t<div class=\"elementor-element elementor-element-6ce00fac elementor-widget elementor-widget-text-editor\" data-id=\"6ce00fac\" data-element_type=\"widget\" data-e-type=\"widget\" data-widget_type=\"text-editor.default\">\n\t\t\t\t\t\t\t\t\t<p>As part of its commitment to promote contemporary photography, the Centre of Art and Photography\nLumi\u00e8re d'Encre (CAPLE) offers each exhibition in C\u00e9ret as a space dedicated to current creation. We\nshow a broad spectrum of contemporary photographic research.<br \/>To this end, we pay the authors' royalties, and take care of communication, the opening, exhibition\nsupervision and accommodation for the artist, for the period of the hanging and the opening.<\/p>\t\t\t\t\t\t\t\t<\/div>\n\t\t\t\t\t<\/div>\n\t\t<\/div>\n\t\t\t\t\t<\/div>\n\t\t<\/section>\n\t\t<div class=\"elementor-element elementor-element-4d81a46e e-flex e-con-boxed wpr-particle-no wpr-jarallax-no wpr-parallax-no wpr-sticky-section-no wpr-equal-height-no e-con e-parent\" data-id=\"4d81a46e\" data-element_type=\"container\" data-e-type=\"container\" data-settings=\"{&quot;background_background&quot;:&quot;classic&quot;}\">\n\t\t\t\t\t<div class=\"e-con-inner\">\n\t\t<div class=\"elementor-element elementor-element-4f2c5d11 e-grid e-con-full wpr-particle-no wpr-jarallax-no wpr-parallax-no wpr-sticky-section-no wpr-equal-height-no e-con e-child\" data-id=\"4f2c5d11\" data-element_type=\"container\" data-e-type=\"container\">\n\t\t\t\t<div class=\"elementor-element elementor-element-5354f273 elementor-widget elementor-widget-text-editor\" data-id=\"5354f273\" data-element_type=\"widget\" data-e-type=\"widget\" data-widget_type=\"text-editor.default\">\n\t\t\t\t\t\t\t\t\t<p>You can send us your work and projects<\/p>\t\t\t\t\t\t\t\t<\/div>\n\t\t\t\t<div class=\"elementor-element elementor-element-72c2e9a6 elementor-align-center elementor-widget elementor-widget-button\" data-id=\"72c2e9a6\" data-element_type=\"widget\" data-e-type=\"widget\" data-widget_type=\"button.default\">\n\t\t\t\t\t\t\t\t\t\t<a class=\"elementor-button elementor-button-link elementor-size-sm\" href=\"https:\/\/www.lumieredencre.fr\/en\/?page_id=8679\">\n\t\t\t\t\t\t<span class=\"elementor-button-content-wrapper\">\n\t\t\t\t\t\t\t\t\t<span class=\"elementor-button-text\">Call for exhibitions<\/span>\n\t\t\t\t\t<\/span>\n\t\t\t\t\t<\/a>\n\t\t\t\t\t\t\t\t<\/div>\n\t\t\t\t<\/div>\n\t\t\t\t\t<\/div>\n\t\t\t\t<\/div>\n\t\t<div class=\"elementor-element elementor-element-858dcf7 e-flex e-con-boxed wpr-particle-no wpr-jarallax-no wpr-parallax-no wpr-sticky-section-no wpr-equal-height-no e-con e-parent\" data-id=\"858dcf7\" data-element_type=\"container\" data-e-type=\"container\" data-settings=\"{&quot;background_background&quot;:&quot;classic&quot;}\">\n\t\t\t\t\t<div class=\"e-con-inner\">\n\t\t\t\t<div class=\"elementor-element elementor-element-432fd3e elementor-widget elementor-widget-image\" data-id=\"432fd3e\" data-element_type=\"widget\" data-e-type=\"widget\" data-widget_type=\"image.default\">\n\t\t\t\t\t\t\t\t\t\t\t\t\t\t\t<img fetchpriority=\"high\" decoding=\"async\" width=\"1080\" height=\"132\" src=\"https:\/\/www.lumieredencre.fr\/wp-content\/uploads\/2025\/04\/footer-2.png\" class=\"attachment-full size-full wp-image-10124\" alt=\"\" srcset=\"https:\/\/www.lumieredencre.fr\/wp-content\/uploads\/2025\/04\/footer-2.png 1080w, https:\/\/www.lumieredencre.fr\/wp-content\/uploads\/2025\/04\/footer-2-300x37.png 300w, https:\/\/www.lumieredencre.fr\/wp-content\/uploads\/2025\/04\/footer-2-1024x125.png 1024w, https:\/\/www.lumieredencre.fr\/wp-content\/uploads\/2025\/04\/footer-2-768x94.png 768w, https:\/\/www.lumieredencre.fr\/wp-content\/uploads\/2025\/04\/footer-2-400x49.png 400w, https:\/\/www.lumieredencre.fr\/wp-content\/uploads\/2025\/04\/footer-2-510x62.png 510w, https:\/\/www.lumieredencre.fr\/wp-content\/uploads\/2025\/04\/footer-2-980x120.png 980w, https:\/\/www.lumieredencre.fr\/wp-content\/uploads\/2025\/04\/footer-2-480x59.png 480w\" sizes=\"(max-width: 1080px) 100vw, 1080px\" \/>\t\t\t\t\t\t\t\t\t\t\t\t\t\t\t<\/div>\n\t\t\t\t\t<\/div>\n\t\t\t\t<\/div>\n\t\t<div class=\"elementor-element elementor-element-b457452 e-flex e-con-boxed wpr-particle-no wpr-jarallax-no wpr-parallax-no wpr-sticky-section-no wpr-equal-height-no e-con e-parent\" data-id=\"b457452\" data-element_type=\"container\" data-e-type=\"container\">\n\t\t\t\t\t<div class=\"e-con-inner\">\n\t\t<div class=\"elementor-element elementor-element-ed828b3 e-con-full e-flex wpr-particle-no wpr-jarallax-no wpr-parallax-no wpr-sticky-section-no wpr-equal-height-no e-con e-child\" data-id=\"ed828b3\" data-element_type=\"container\" data-e-type=\"container\">\n\t\t\t\t<div class=\"elementor-element elementor-element-a80fb73 elementor-widget elementor-widget-image\" data-id=\"a80fb73\" data-element_type=\"widget\" data-e-type=\"widget\" data-widget_type=\"image.default\">\n\t\t\t\t\t\t\t\t\t\t\t\t\t\t\t\t<a href=\"https:\/\/www.lumieredencre.fr\/en\/\">\n\t\t\t\t\t\t\t<img decoding=\"async\" width=\"800\" height=\"600\" src=\"https:\/\/www.lumieredencre.fr\/wp-content\/uploads\/2025\/04\/LUMIERE-LOGO-NEW-min.jpg\" class=\"attachment-large size-large wp-image-9580\" alt=\"Centre d&#039;art et de photographie C\u00e9ret\" srcset=\"https:\/\/www.lumieredencre.fr\/wp-content\/uploads\/2025\/04\/LUMIERE-LOGO-NEW-min.jpg 800w, https:\/\/www.lumieredencre.fr\/wp-content\/uploads\/2025\/04\/LUMIERE-LOGO-NEW-min-600x450.jpg 600w, https:\/\/www.lumieredencre.fr\/wp-content\/uploads\/2025\/04\/LUMIERE-LOGO-NEW-min-300x225.jpg 300w, https:\/\/www.lumieredencre.fr\/wp-content\/uploads\/2025\/04\/LUMIERE-LOGO-NEW-min-768x576.jpg 768w, https:\/\/www.lumieredencre.fr\/wp-content\/uploads\/2025\/04\/LUMIERE-LOGO-NEW-min-333x250.jpg 333w, https:\/\/www.lumieredencre.fr\/wp-content\/uploads\/2025\/04\/LUMIERE-LOGO-NEW-min-379x284.jpg 379w, https:\/\/www.lumieredencre.fr\/wp-content\/uploads\/2025\/04\/LUMIERE-LOGO-NEW-min-510x382.jpg 510w, https:\/\/www.lumieredencre.fr\/wp-content\/uploads\/2025\/04\/LUMIERE-LOGO-NEW-min-400x300.jpg 400w, https:\/\/www.lumieredencre.fr\/wp-content\/uploads\/2025\/04\/LUMIERE-LOGO-NEW-min-735x551.jpg 735w, https:\/\/www.lumieredencre.fr\/wp-content\/uploads\/2025\/04\/LUMIERE-LOGO-NEW-min-360x270.jpg 360w\" sizes=\"(max-width: 800px) 100vw, 800px\" \/>\t\t\t\t\t\t\t\t<\/a>\n\t\t\t\t\t\t\t\t\t\t\t\t\t\t\t<\/div>\n\t\t\t\t<\/div>\n\t\t<div class=\"elementor-element elementor-element-891c112 e-con-full e-flex wpr-particle-no wpr-jarallax-no wpr-parallax-no wpr-sticky-section-no wpr-equal-height-no e-con e-child\" data-id=\"891c112\" data-element_type=\"container\" data-e-type=\"container\">\n\t\t\t\t<div class=\"elementor-element elementor-element-2d23087 elementor-widget elementor-widget-heading\" data-id=\"2d23087\" data-element_type=\"widget\" data-e-type=\"widget\" data-widget_type=\"heading.default\">\n\t\t\t\t\t<h2 class=\"elementor-heading-title elementor-size-default\">Art and photography center in C\u00e9ret<\/h2>\t\t\t\t<\/div>\n\t\t\t\t<div class=\"elementor-element elementor-element-db4834c elementor-widget elementor-widget-text-editor\" data-id=\"db4834c\" data-element_type=\"widget\" data-e-type=\"widget\" data-widget_type=\"text-editor.default\">\n\t\t\t\t\t\t\t\t\t<p>Lumi\u00e8re d&rsquo;encre, Place Pablo Picasso, C\u00e9ret<\/p><p>04 30 82 73 30<\/p><p>contact@lumieredencre.fr<\/p>\t\t\t\t\t\t\t\t<\/div>\n\t\t\t\t<\/div>\n\t\t<div class=\"elementor-element elementor-element-efc48a9 e-con-full e-flex wpr-particle-no wpr-jarallax-no wpr-parallax-no wpr-sticky-section-no wpr-equal-height-no e-con e-child\" data-id=\"efc48a9\" data-element_type=\"container\" data-e-type=\"container\">\n\t\t\t\t<div class=\"elementor-element elementor-element-b25b5e6 elementor-widget elementor-widget-heading\" data-id=\"b25b5e6\" data-element_type=\"widget\" data-e-type=\"widget\" data-widget_type=\"heading.default\">\n\t\t\t\t\t<h2 class=\"elementor-heading-title elementor-size-default\">About<\/h2>\t\t\t\t<\/div>\n\t\t\t\t<div class=\"elementor-element elementor-element-ff88db3 elementor-widget elementor-widget-text-editor\" data-id=\"ff88db3\" data-element_type=\"widget\" data-e-type=\"widget\" data-widget_type=\"text-editor.default\">\n\t\t\t\t\t\t\t\t\t<p><a href=\"https:\/\/www.lumieredencre.fr\/en\/adherez-a-lumiere-dencre\/\">Join Lumi\u00e8re d'encre<\/a><\/p><p><a href=\"https:\/\/www.lumieredencre.fr\/en\/poste-a-pourvoir\/\">Our school offers<\/a><\/p>\t\t\t\t\t\t\t\t<\/div>\n\t\t\t\t<\/div>\n\t\t\t\t\t<\/div>\n\t\t\t\t<\/div>\n\t\t\t\t<\/div>","protected":false},"excerpt":{"rendered":"<p>EXPOSITION S\u00c9BASTIEN NORMAND Dans le cadre de son travail d\u2019aide \u00e0 la diffusion de la photographie contemporaine, le Centre d\u2019Art et de Photographie Lumi\u00e8re d\u2019Encre (CAPLE) propose chaque exposition \u00e0 C\u00e9ret comme un espace d\u00e9di\u00e9 \u00e0 la cr\u00e9ation actuelle. Nous montrons ainsi un large \u00e9ventail de l\u2019\u00e9tat de la recherche photographique contemporaine.Pour cela, nous r\u00e9mun\u00e9rons les droits d\u2019auteurs, nous prenons en charge la communication, le vernissage, la surveillance de l\u2019exposition et l\u2019h\u00e9bergement de l\u2019artiste, pour la p\u00e9riode de l\u2019accrochage et du vernissage. Vous pouvez nous faire parvenir vos travaux et vos projets Appel \u00e0 expositions Centre d&rsquo;art et de photographie Lumi\u00e8re d&rsquo;encre, Place Pablo Picasso, C\u00e9ret 04 30 82 73 30 contact@lumieredencre.fr \u00c0 propos Adh\u00e9rez \u00e0 lumi\u00e8re d&rsquo;encre Poste \u00e0 Pourvoir<\/p>","protected":false},"author":1,"featured_media":0,"parent":0,"menu_order":0,"comment_status":"closed","ping_status":"closed","template":"","meta":{"site-sidebar-layout":"no-sidebar","site-content-layout":"","ast-site-content-layout":"full-width-container","site-content-style":"default","site-sidebar-style":"default","ast-global-header-display":"","ast-banner-title-visibility":"","ast-main-header-display":"","ast-hfb-above-header-display":"","ast-hfb-below-header-display":"","ast-hfb-mobile-header-display":"","site-post-title":"disabled","ast-breadcrumbs-content":"","ast-featured-img":"disabled","footer-sml-layout":"","ast-disable-related-posts":"","theme-transparent-header-meta":"","adv-header-id-meta":"","stick-header-meta":"","header-above-stick-meta":"","header-main-stick-meta":"","header-below-stick-meta":"","astra-migrate-meta-layouts":"default","ast-page-background-enabled":"default","ast-page-background-meta":{"desktop":{"background-color":"var(--ast-global-color-5)","background-image":"","background-repeat":"repeat","background-position":"center center","background-size":"auto","background-attachment":"scroll","background-type":"","background-media":"","overlay-type":"","overlay-color":"","overlay-opacity":"","overlay-gradient":""},"tablet":{"background-color":"","background-image":"","background-repeat":"repeat","background-position":"center center","background-size":"auto","background-attachment":"scroll","background-type":"","background-media":"","overlay-type":"","overlay-color":"","overlay-opacity":"","overlay-gradient":""},"mobile":{"background-color":"","background-image":"","background-repeat":"repeat","background-position":"center center","background-size":"auto","background-attachment":"scroll","background-type":"","background-media":"","overlay-type":"","overlay-color":"","overlay-opacity":"","overlay-gradient":""}},"ast-content-background-meta":{"desktop":{"background-color":"var(--ast-global-color-4)","background-image":"","background-repeat":"repeat","background-position":"center center","background-size":"auto","background-attachment":"scroll","background-type":"","background-media":"","overlay-type":"","overlay-color":"","overlay-opacity":"","overlay-gradient":""},"tablet":{"background-color":"var(--ast-global-color-4)","background-image":"","background-repeat":"repeat","background-position":"center center","background-size":"auto","background-attachment":"scroll","background-type":"","background-media":"","overlay-type":"","overlay-color":"","overlay-opacity":"","overlay-gradient":""},"mobile":{"background-color":"var(--ast-global-color-4)","background-image":"","background-repeat":"repeat","background-position":"center center","background-size":"auto","background-attachment":"scroll","background-type":"","background-media":"","overlay-type":"","overlay-color":"","overlay-opacity":"","overlay-gradient":""}},"footnotes":""},"class_list":["post-7765","page","type-page","status-publish","hentry"],"yoast_head":"<!-- This site is optimized with the Yoast SEO plugin v27.4 - https:\/\/yoast.com\/product\/yoast-seo-wordpress\/ -->\n<title>Exposition \u00e0 venir \u00e0 c\u00e9ret - lumi\u00e8re d&#039;encre<\/title>\n<meta name=\"description\" content=\"D\u00e9couvrez les expositions photo \u00e0 venir au Centre de Photographie de C\u00e9ret : une programmation d\u00e9di\u00e9e \u00e0 la cr\u00e9ation contemporaine.\" \/>\n<meta name=\"robots\" content=\"index, follow, max-snippet:-1, max-image-preview:large, max-video-preview:-1\" \/>\n<link rel=\"canonical\" href=\"https:\/\/www.lumieredencre.fr\/en\/exposition-a-venir\/\" \/>\n<meta property=\"og:locale\" content=\"en_GB\" \/>\n<meta property=\"og:type\" content=\"article\" \/>\n<meta property=\"og:title\" content=\"Exposition \u00e0 venir \u00e0 c\u00e9ret - lumi\u00e8re d&#039;encre\" \/>\n<meta property=\"og:description\" content=\"D\u00e9couvrez les expositions photo \u00e0 venir au Centre de Photographie de C\u00e9ret : une programmation d\u00e9di\u00e9e \u00e0 la cr\u00e9ation contemporaine.\" \/>\n<meta property=\"og:url\" content=\"https:\/\/www.lumieredencre.fr\/en\/exposition-a-venir\/\" \/>\n<meta property=\"article:publisher\" content=\"https:\/\/fr-fr.facebook.com\/LumieredEncre\" \/>\n<meta property=\"article:modified_time\" content=\"2026-03-19T14:39:04+00:00\" \/>\n<meta property=\"og:image\" content=\"https:\/\/www.lumieredencre.fr\/wp-content\/uploads\/2025\/04\/footer-2.png\" \/>\n\t<meta property=\"og:image:width\" content=\"1080\" \/>\n\t<meta property=\"og:image:height\" content=\"132\" \/>\n\t<meta property=\"og:image:type\" content=\"image\/png\" \/>\n<meta name=\"twitter:card\" content=\"summary_large_image\" \/>\n<meta name=\"twitter:site\" content=\"@lumieredencre\" \/>\n<meta name=\"twitter:label1\" content=\"Estimated reading time\" \/>\n\t<meta name=\"twitter:data1\" content=\"1 minute\" \/>\n<script type=\"application\/ld+json\" class=\"yoast-schema-graph\">{\"@context\":\"https:\\\/\\\/schema.org\",\"@graph\":[{\"@type\":\"WebPage\",\"@id\":\"https:\\\/\\\/www.lumieredencre.fr\\\/exposition-a-venir\\\/\",\"url\":\"https:\\\/\\\/www.lumieredencre.fr\\\/exposition-a-venir\\\/\",\"name\":\"Exposition \u00e0 venir \u00e0 c\u00e9ret - lumi\u00e8re d'encre\",\"isPartOf\":{\"@id\":\"https:\\\/\\\/www.lumieredencre.fr\\\/#website\"},\"primaryImageOfPage\":{\"@id\":\"https:\\\/\\\/www.lumieredencre.fr\\\/exposition-a-venir\\\/#primaryimage\"},\"image\":{\"@id\":\"https:\\\/\\\/www.lumieredencre.fr\\\/exposition-a-venir\\\/#primaryimage\"},\"thumbnailUrl\":\"https:\\\/\\\/www.lumieredencre.fr\\\/wp-content\\\/uploads\\\/2025\\\/04\\\/footer-2.png\",\"datePublished\":\"2025-04-22T07:49:59+00:00\",\"dateModified\":\"2026-03-19T14:39:04+00:00\",\"description\":\"D\u00e9couvrez les expositions photo \u00e0 venir au Centre de Photographie de C\u00e9ret : une programmation d\u00e9di\u00e9e \u00e0 la cr\u00e9ation contemporaine.\",\"breadcrumb\":{\"@id\":\"https:\\\/\\\/www.lumieredencre.fr\\\/exposition-a-venir\\\/#breadcrumb\"},\"inLanguage\":\"en-GB\",\"potentialAction\":[{\"@type\":\"ReadAction\",\"target\":[\"https:\\\/\\\/www.lumieredencre.fr\\\/exposition-a-venir\\\/\"]}]},{\"@type\":\"ImageObject\",\"inLanguage\":\"en-GB\",\"@id\":\"https:\\\/\\\/www.lumieredencre.fr\\\/exposition-a-venir\\\/#primaryimage\",\"url\":\"https:\\\/\\\/www.lumieredencre.fr\\\/wp-content\\\/uploads\\\/2025\\\/04\\\/footer-2.png\",\"contentUrl\":\"https:\\\/\\\/www.lumieredencre.fr\\\/wp-content\\\/uploads\\\/2025\\\/04\\\/footer-2.png\"},{\"@type\":\"BreadcrumbList\",\"@id\":\"https:\\\/\\\/www.lumieredencre.fr\\\/exposition-a-venir\\\/#breadcrumb\",\"itemListElement\":[{\"@type\":\"ListItem\",\"position\":1,\"name\":\"Accueil\",\"item\":\"https:\\\/\\\/www.lumieredencre.fr\\\/\"},{\"@type\":\"ListItem\",\"position\":2,\"name\":\"\u00c0 venir\"}]},{\"@type\":\"WebSite\",\"@id\":\"https:\\\/\\\/www.lumieredencre.fr\\\/#website\",\"url\":\"https:\\\/\\\/www.lumieredencre.fr\\\/\",\"name\":\"Lumi\u00e8re d Encre\",\"description\":\"\",\"publisher\":{\"@id\":\"https:\\\/\\\/www.lumieredencre.fr\\\/#organization\"},\"potentialAction\":[{\"@type\":\"SearchAction\",\"target\":{\"@type\":\"EntryPoint\",\"urlTemplate\":\"https:\\\/\\\/www.lumieredencre.fr\\\/?s={search_term_string}\"},\"query-input\":{\"@type\":\"PropertyValueSpecification\",\"valueRequired\":true,\"valueName\":\"search_term_string\"}}],\"inLanguage\":\"en-GB\"},{\"@type\":\"Organization\",\"@id\":\"https:\\\/\\\/www.lumieredencre.fr\\\/#organization\",\"name\":\"Lumi\u00e8re d'Encre\",\"url\":\"https:\\\/\\\/www.lumieredencre.fr\\\/\",\"logo\":{\"@type\":\"ImageObject\",\"inLanguage\":\"en-GB\",\"@id\":\"https:\\\/\\\/www.lumieredencre.fr\\\/#\\\/schema\\\/logo\\\/image\\\/\",\"url\":\"https:\\\/\\\/www.lumieredencre.fr\\\/wp-content\\\/uploads\\\/2020\\\/07\\\/Logo-LE-3820px-en-300dpi-Gris--scaled.jpg\",\"contentUrl\":\"https:\\\/\\\/www.lumieredencre.fr\\\/wp-content\\\/uploads\\\/2020\\\/07\\\/Logo-LE-3820px-en-300dpi-Gris--scaled.jpg\",\"width\":2560,\"height\":1920,\"caption\":\"Lumi\u00e8re d'Encre\"},\"image\":{\"@id\":\"https:\\\/\\\/www.lumieredencre.fr\\\/#\\\/schema\\\/logo\\\/image\\\/\"},\"sameAs\":[\"https:\\\/\\\/fr-fr.facebook.com\\\/LumieredEncre\",\"https:\\\/\\\/x.com\\\/lumieredencre\",\"https:\\\/\\\/www.instagram.com\\\/lumieredencre\\\/\",\"https:\\\/\\\/www.linkedin.com\\\/in\\\/lumi\u00e8re-d-encre-a57079111\\\/\",\"https:\\\/\\\/www.youtube.com\\\/channel\\\/UCavaW2PxkCTIvqlpBM07aYQ\\\/featured?view_as=subscriber\"]}]}<\/script>\n<!-- \/ Yoast SEO plugin. -->","yoast_head_json":{"title":"Exposition \u00e0 venir \u00e0 c\u00e9ret - lumi\u00e8re d'encre","description":"D\u00e9couvrez les expositions photo \u00e0 venir au Centre de Photographie de C\u00e9ret : une programmation d\u00e9di\u00e9e \u00e0 la cr\u00e9ation contemporaine.","robots":{"index":"index","follow":"follow","max-snippet":"max-snippet:-1","max-image-preview":"max-image-preview:large","max-video-preview":"max-video-preview:-1"},"canonical":"https:\/\/www.lumieredencre.fr\/en\/exposition-a-venir\/","og_locale":"en_GB","og_type":"article","og_title":"Exposition \u00e0 venir \u00e0 c\u00e9ret - lumi\u00e8re d'encre","og_description":"D\u00e9couvrez les expositions photo \u00e0 venir au Centre de Photographie de C\u00e9ret : une programmation d\u00e9di\u00e9e \u00e0 la cr\u00e9ation contemporaine.","og_url":"https:\/\/www.lumieredencre.fr\/en\/exposition-a-venir\/","article_publisher":"https:\/\/fr-fr.facebook.com\/LumieredEncre","article_modified_time":"2026-03-19T14:39:04+00:00","og_image":[{"width":1080,"height":132,"url":"https:\/\/www.lumieredencre.fr\/wp-content\/uploads\/2025\/04\/footer-2.png","type":"image\/png"}],"twitter_card":"summary_large_image","twitter_site":"@lumieredencre","twitter_misc":{"Estimated reading time":"1 minute"},"schema":{"@context":"https:\/\/schema.org","@graph":[{"@type":"WebPage","@id":"https:\/\/www.lumieredencre.fr\/exposition-a-venir\/","url":"https:\/\/www.lumieredencre.fr\/exposition-a-venir\/","name":"Exposition \u00e0 venir \u00e0 c\u00e9ret - lumi\u00e8re d'encre","isPartOf":{"@id":"https:\/\/www.lumieredencre.fr\/#website"},"primaryImageOfPage":{"@id":"https:\/\/www.lumieredencre.fr\/exposition-a-venir\/#primaryimage"},"image":{"@id":"https:\/\/www.lumieredencre.fr\/exposition-a-venir\/#primaryimage"},"thumbnailUrl":"https:\/\/www.lumieredencre.fr\/wp-content\/uploads\/2025\/04\/footer-2.png","datePublished":"2025-04-22T07:49:59+00:00","dateModified":"2026-03-19T14:39:04+00:00","description":"D\u00e9couvrez les expositions photo \u00e0 venir au Centre de Photographie de C\u00e9ret : une programmation d\u00e9di\u00e9e \u00e0 la cr\u00e9ation contemporaine.","breadcrumb":{"@id":"https:\/\/www.lumieredencre.fr\/exposition-a-venir\/#breadcrumb"},"inLanguage":"en-GB","potentialAction":[{"@type":"ReadAction","target":["https:\/\/www.lumieredencre.fr\/exposition-a-venir\/"]}]},{"@type":"ImageObject","inLanguage":"en-GB","@id":"https:\/\/www.lumieredencre.fr\/exposition-a-venir\/#primaryimage","url":"https:\/\/www.lumieredencre.fr\/wp-content\/uploads\/2025\/04\/footer-2.png","contentUrl":"https:\/\/www.lumieredencre.fr\/wp-content\/uploads\/2025\/04\/footer-2.png"},{"@type":"BreadcrumbList","@id":"https:\/\/www.lumieredencre.fr\/exposition-a-venir\/#breadcrumb","itemListElement":[{"@type":"ListItem","position":1,"name":"Accueil","item":"https:\/\/www.lumieredencre.fr\/"},{"@type":"ListItem","position":2,"name":"\u00c0 venir"}]},{"@type":"WebSite","@id":"https:\/\/www.lumieredencre.fr\/#website","url":"https:\/\/www.lumieredencre.fr\/","name":"Lumi\u00e8re d Encre","description":"","publisher":{"@id":"https:\/\/www.lumieredencre.fr\/#organization"},"potentialAction":[{"@type":"SearchAction","target":{"@type":"EntryPoint","urlTemplate":"https:\/\/www.lumieredencre.fr\/?s={search_term_string}"},"query-input":{"@type":"PropertyValueSpecification","valueRequired":true,"valueName":"search_term_string"}}],"inLanguage":"en-GB"},{"@type":"Organization","@id":"https:\/\/www.lumieredencre.fr\/#organization","name":"Lumi\u00e8re d'Encre","url":"https:\/\/www.lumieredencre.fr\/","logo":{"@type":"ImageObject","inLanguage":"en-GB","@id":"https:\/\/www.lumieredencre.fr\/#\/schema\/logo\/image\/","url":"https:\/\/www.lumieredencre.fr\/wp-content\/uploads\/2020\/07\/Logo-LE-3820px-en-300dpi-Gris--scaled.jpg","contentUrl":"https:\/\/www.lumieredencre.fr\/wp-content\/uploads\/2020\/07\/Logo-LE-3820px-en-300dpi-Gris--scaled.jpg","width":2560,"height":1920,"caption":"Lumi\u00e8re d'Encre"},"image":{"@id":"https:\/\/www.lumieredencre.fr\/#\/schema\/logo\/image\/"},"sameAs":["https:\/\/fr-fr.facebook.com\/LumieredEncre","https:\/\/x.com\/lumieredencre","https:\/\/www.instagram.com\/lumieredencre\/","https:\/\/www.linkedin.com\/in\/lumi\u00e8re-d-encre-a57079111\/","https:\/\/www.youtube.com\/channel\/UCavaW2PxkCTIvqlpBM07aYQ\/featured?view_as=subscriber"]}]}},"jetpack_sharing_enabled":true,"_links":{"self":[{"href":"https:\/\/www.lumieredencre.fr\/en\/wp-json\/wp\/v2\/pages\/7765","targetHints":{"allow":["GET"]}}],"collection":[{"href":"https:\/\/www.lumieredencre.fr\/en\/wp-json\/wp\/v2\/pages"}],"about":[{"href":"https:\/\/www.lumieredencre.fr\/en\/wp-json\/wp\/v2\/types\/page"}],"author":[{"embeddable":true,"href":"https:\/\/www.lumieredencre.fr\/en\/wp-json\/wp\/v2\/users\/1"}],"replies":[{"embeddable":true,"href":"https:\/\/www.lumieredencre.fr\/en\/wp-json\/wp\/v2\/comments?post=7765"}],"version-history":[{"count":86,"href":"https:\/\/www.lumieredencre.fr\/en\/wp-json\/wp\/v2\/pages\/7765\/revisions"}],"predecessor-version":[{"id":13284,"href":"https:\/\/www.lumieredencre.fr\/en\/wp-json\/wp\/v2\/pages\/7765\/revisions\/13284"}],"wp:attachment":[{"href":"https:\/\/www.lumieredencre.fr\/en\/wp-json\/wp\/v2\/media?parent=7765"}],"curies":[{"name":"wp","href":"https:\/\/api.w.org\/{rel}","templated":true}]}}