{"id":11139,"date":"2025-05-28T12:14:03","date_gmt":"2025-05-28T10:14:03","guid":{"rendered":"https:\/\/www.lumieredencre.fr\/?page_id=11139"},"modified":"2026-03-19T10:34:20","modified_gmt":"2026-03-19T09:34:20","slug":"labo-photo","status":"publish","type":"page","link":"https:\/\/www.lumieredencre.fr\/en\/labo-photo\/","title":{"rendered":"Labo photo"},"content":{"rendered":"<div data-elementor-type=\"wp-page\" data-elementor-id=\"11139\" class=\"elementor elementor-11139\">\n\t\t\t\t<div class=\"elementor-element elementor-element-de62f5d e-con-full e-flex wpr-particle-no wpr-jarallax-no wpr-parallax-no wpr-sticky-section-no wpr-equal-height-no e-con e-parent\" data-id=\"de62f5d\" data-element_type=\"container\" data-e-type=\"container\" data-settings=\"{&quot;background_background&quot;:&quot;classic&quot;}\">\n\t\t\t\t<div class=\"elementor-element elementor-element-65deb2f elementor-invisible elementor-widget elementor-widget-heading\" data-id=\"65deb2f\" data-element_type=\"widget\" data-e-type=\"widget\" data-settings=\"{&quot;_animation&quot;:&quot;fadeIn&quot;}\" data-widget_type=\"heading.default\">\n\t\t\t\t\t<h1 class=\"elementor-heading-title elementor-size-default\">R\u00e9servez votre s\u00e9ance<\/h1>\t\t\t\t<\/div>\n\t\t\t\t<\/div>\n\t\t<div class=\"elementor-element elementor-element-1ab70ce e-flex e-con-boxed wpr-particle-no wpr-jarallax-no wpr-parallax-no wpr-sticky-section-no wpr-equal-height-no e-con e-parent\" data-id=\"1ab70ce\" data-element_type=\"container\" data-e-type=\"container\" data-settings=\"{&quot;background_background&quot;:&quot;classic&quot;}\">\n\t\t\t\t\t<div class=\"e-con-inner\">\n\t\t\t\t<div class=\"elementor-element elementor-element-127d4dc elementor-widget elementor-widget-heading\" data-id=\"127d4dc\" data-element_type=\"widget\" data-e-type=\"widget\" data-widget_type=\"heading.default\">\n\t\t\t\t\t<h2 class=\"elementor-heading-title elementor-size-default\">Envie de d\u00e9couvrir (ou red\u00e9couvrir) la magie du tirage noir et blanc?<\/h2>\t\t\t\t<\/div>\n\t\t<div class=\"elementor-element elementor-element-2e27137 e-grid e-con-full wpr-particle-no wpr-jarallax-no wpr-parallax-no wpr-sticky-section-no wpr-equal-height-no e-con e-child\" data-id=\"2e27137\" data-element_type=\"container\" data-e-type=\"container\">\n\t\t\t\t<div class=\"elementor-element elementor-element-4da2c08 elementor-widget elementor-widget-text-editor\" data-id=\"4da2c08\" data-element_type=\"widget\" data-e-type=\"widget\" data-widget_type=\"text-editor.default\">\n\t\t\t\t\t\t\t\t\t<p data-start=\"36\" data-end=\"241\"><strong data-start=\"36\" data-end=\"113\">Venez r\u00e9v\u00e9ler vos images dans notre laboratoire photo, accessible \u00e0 tous.<\/strong><br data-start=\"113\" data-end=\"116\" \/>Plongez dans l\u2019univers fascinant de la chambre noire et vivez l\u2019\u00e9motion unique de voir vos photos appara\u00eetre sous vos yeux.<\/p><h3 data-start=\"243\" data-end=\"277\">Ce que vous vivrez chez nous<\/h3><p data-start=\"278\" data-end=\"365\">Un accompagnement personnalis\u00e9, dans une ambiance conviviale, cr\u00e9ative et passionn\u00e9e.<\/p><p data-start=\"367\" data-end=\"415\"><strong data-start=\"367\" data-end=\"415\">3 personnes maximum par session de 2 heures.<\/strong><\/p><h5 data-start=\"367\" data-end=\"415\">Nous vous invitons \u00e0 \u00e9crire \u00e0 <a href=\"mailto:labo@lumieredencre.fr\"><strong data-start=\"472\" data-end=\"506\">labo@lumieredencre.fr <\/strong><\/a>en indiquant vos disponibilit\u00e9s,<br data-start=\"539\" data-end=\"542\" \/>ou \u00e0 passer nous voir <strong data-start=\"564\" data-end=\"587\">Place Pablo Picasso<\/strong>, du mardi au samedi, de 10 h \u00e0 13 h et de 14 h \u00e0 18 h.<\/h5><h2 data-start=\"649\" data-end=\"662\">LES TARIFS<\/h2><p data-start=\"664\" data-end=\"709\"><strong data-start=\"664\" data-end=\"709\">Moins de 26 ans \u2013 Tarif individuel: 25\u20ac<\/strong><\/p><p data-start=\"711\" data-end=\"765\"><strong data-start=\"711\" data-end=\"727\">Tarif abonn\u00e9<\/strong><br data-start=\"727\" data-end=\"730\" \/>Parce que vous \u00eates adh\u00e9rent: 35\u20ac<\/p><p data-start=\"767\" data-end=\"830\"><strong data-start=\"767\" data-end=\"782\">Plein tarif<\/strong><br data-start=\"782\" data-end=\"785\" \/>Bienvenue pour cette s\u00e9ance d\u00e9couverte: 50\u20ac<\/p><p data-start=\"832\" data-end=\"891\"><strong data-start=\"832\" data-end=\"891\">Moins de 26 ans (\u00e0 condition d\u2019\u00eatre 3 personnes): 20\u20ac<\/strong><\/p>\t\t\t\t\t\t\t\t<\/div>\n\t\t\t\t<\/div>\n\t\t\t\t\t<\/div>\n\t\t\t\t<\/div>\n\t\t<div class=\"elementor-element elementor-element-4f696a1 e-flex e-con-boxed wpr-particle-no wpr-jarallax-no wpr-parallax-no wpr-sticky-section-no wpr-equal-height-no e-con e-parent\" data-id=\"4f696a1\" data-element_type=\"container\" data-e-type=\"container\" data-settings=\"{&quot;background_background&quot;:&quot;classic&quot;}\">\n\t\t\t\t\t<div class=\"e-con-inner\">\n\t\t\t\t<div class=\"elementor-element elementor-element-7c31af7 elementor-widget elementor-widget-image\" data-id=\"7c31af7\" data-element_type=\"widget\" data-e-type=\"widget\" data-widget_type=\"image.default\">\n\t\t\t\t\t\t\t\t\t\t\t\t\t\t\t<img fetchpriority=\"high\" decoding=\"async\" width=\"1080\" height=\"132\" src=\"https:\/\/www.lumieredencre.fr\/wp-content\/uploads\/2025\/04\/footer-2.png\" class=\"attachment-full size-full wp-image-10124\" alt=\"\" srcset=\"https:\/\/www.lumieredencre.fr\/wp-content\/uploads\/2025\/04\/footer-2.png 1080w, https:\/\/www.lumieredencre.fr\/wp-content\/uploads\/2025\/04\/footer-2-300x37.png 300w, https:\/\/www.lumieredencre.fr\/wp-content\/uploads\/2025\/04\/footer-2-1024x125.png 1024w, https:\/\/www.lumieredencre.fr\/wp-content\/uploads\/2025\/04\/footer-2-768x94.png 768w, https:\/\/www.lumieredencre.fr\/wp-content\/uploads\/2025\/04\/footer-2-400x49.png 400w, https:\/\/www.lumieredencre.fr\/wp-content\/uploads\/2025\/04\/footer-2-510x62.png 510w, https:\/\/www.lumieredencre.fr\/wp-content\/uploads\/2025\/04\/footer-2-980x120.png 980w, https:\/\/www.lumieredencre.fr\/wp-content\/uploads\/2025\/04\/footer-2-480x59.png 480w\" sizes=\"(max-width: 1080px) 100vw, 1080px\" \/>\t\t\t\t\t\t\t\t\t\t\t\t\t\t\t<\/div>\n\t\t\t\t\t<\/div>\n\t\t\t\t<\/div>\n\t\t<div class=\"elementor-element elementor-element-8ad6716 e-flex e-con-boxed wpr-particle-no wpr-jarallax-no wpr-parallax-no wpr-sticky-section-no wpr-equal-height-no e-con e-parent\" data-id=\"8ad6716\" data-element_type=\"container\" data-e-type=\"container\">\n\t\t\t\t\t<div class=\"e-con-inner\">\n\t\t<div class=\"elementor-element elementor-element-39377a9 e-con-full e-flex wpr-particle-no wpr-jarallax-no wpr-parallax-no wpr-sticky-section-no wpr-equal-height-no e-con e-child\" data-id=\"39377a9\" data-element_type=\"container\" data-e-type=\"container\">\n\t\t\t\t<div class=\"elementor-element elementor-element-076802a elementor-widget elementor-widget-image\" data-id=\"076802a\" data-element_type=\"widget\" data-e-type=\"widget\" data-widget_type=\"image.default\">\n\t\t\t\t\t\t\t\t\t\t\t\t\t\t\t\t<a href=\"https:\/\/www.lumieredencre.fr\/en\/\">\n\t\t\t\t\t\t\t<img decoding=\"async\" width=\"800\" height=\"600\" src=\"https:\/\/www.lumieredencre.fr\/wp-content\/uploads\/2025\/04\/LUMIERE-LOGO-NEW-min.jpg\" class=\"attachment-large size-large wp-image-9580\" alt=\"Centre d&#039;art et de photographie C\u00e9ret\" srcset=\"https:\/\/www.lumieredencre.fr\/wp-content\/uploads\/2025\/04\/LUMIERE-LOGO-NEW-min.jpg 800w, https:\/\/www.lumieredencre.fr\/wp-content\/uploads\/2025\/04\/LUMIERE-LOGO-NEW-min-600x450.jpg 600w, https:\/\/www.lumieredencre.fr\/wp-content\/uploads\/2025\/04\/LUMIERE-LOGO-NEW-min-300x225.jpg 300w, https:\/\/www.lumieredencre.fr\/wp-content\/uploads\/2025\/04\/LUMIERE-LOGO-NEW-min-768x576.jpg 768w, https:\/\/www.lumieredencre.fr\/wp-content\/uploads\/2025\/04\/LUMIERE-LOGO-NEW-min-333x250.jpg 333w, https:\/\/www.lumieredencre.fr\/wp-content\/uploads\/2025\/04\/LUMIERE-LOGO-NEW-min-379x284.jpg 379w, https:\/\/www.lumieredencre.fr\/wp-content\/uploads\/2025\/04\/LUMIERE-LOGO-NEW-min-510x382.jpg 510w, https:\/\/www.lumieredencre.fr\/wp-content\/uploads\/2025\/04\/LUMIERE-LOGO-NEW-min-400x300.jpg 400w, https:\/\/www.lumieredencre.fr\/wp-content\/uploads\/2025\/04\/LUMIERE-LOGO-NEW-min-735x551.jpg 735w, https:\/\/www.lumieredencre.fr\/wp-content\/uploads\/2025\/04\/LUMIERE-LOGO-NEW-min-360x270.jpg 360w\" sizes=\"(max-width: 800px) 100vw, 800px\" \/>\t\t\t\t\t\t\t\t<\/a>\n\t\t\t\t\t\t\t\t\t\t\t\t\t\t\t<\/div>\n\t\t\t\t<\/div>\n\t\t<div class=\"elementor-element elementor-element-01f3651 e-con-full e-flex wpr-particle-no wpr-jarallax-no wpr-parallax-no wpr-sticky-section-no wpr-equal-height-no e-con e-child\" data-id=\"01f3651\" data-element_type=\"container\" data-e-type=\"container\">\n\t\t\t\t<div class=\"elementor-element elementor-element-9fd8b33 elementor-widget elementor-widget-heading\" data-id=\"9fd8b33\" data-element_type=\"widget\" data-e-type=\"widget\" data-widget_type=\"heading.default\">\n\t\t\t\t\t<h2 class=\"elementor-heading-title elementor-size-default\">Centre d'Art et de Photographie<\/h2>\t\t\t\t<\/div>\n\t\t\t\t<div class=\"elementor-element elementor-element-14ebf82 elementor-widget elementor-widget-text-editor\" data-id=\"14ebf82\" data-element_type=\"widget\" data-e-type=\"widget\" data-widget_type=\"text-editor.default\">\n\t\t\t\t\t\t\t\t\t<p>Lumi\u00e8re d&rsquo;Encre, Place Pablo Picasso, C\u00e9ret<\/p><p>04 30 82 73 30<\/p><p>contact@lumieredencre.fr<\/p>\t\t\t\t\t\t\t\t<\/div>\n\t\t\t\t<\/div>\n\t\t<div class=\"elementor-element elementor-element-2f37746 e-con-full e-flex wpr-particle-no wpr-jarallax-no wpr-parallax-no wpr-sticky-section-no wpr-equal-height-no e-con e-child\" data-id=\"2f37746\" data-element_type=\"container\" data-e-type=\"container\">\n\t\t\t\t<div class=\"elementor-element elementor-element-2b13251 elementor-widget elementor-widget-heading\" data-id=\"2b13251\" data-element_type=\"widget\" data-e-type=\"widget\" data-widget_type=\"heading.default\">\n\t\t\t\t\t<h2 class=\"elementor-heading-title elementor-size-default\">About<\/h2>\t\t\t\t<\/div>\n\t\t\t\t<div class=\"elementor-element elementor-element-b0826dc elementor-widget elementor-widget-text-editor\" data-id=\"b0826dc\" data-element_type=\"widget\" data-e-type=\"widget\" data-widget_type=\"text-editor.default\">\n\t\t\t\t\t\t\t\t\t<p><a href=\"https:\/\/www.lumieredencre.fr\/en\/adherez-a-lumiere-dencre\/\">Adh\u00e9rez \u00e0 Lumi\u00e8re d&rsquo;Encre<\/a><\/p><p><a href=\"https:\/\/www.lumieredencre.fr\/en\/poste-a-pourvoir\/\">Our school offers<\/a><\/p>\t\t\t\t\t\t\t\t<\/div>\n\t\t\t\t<\/div>\n\t\t\t\t\t<\/div>\n\t\t\t\t<\/div>\n\t\t\t\t<\/div>","protected":false},"excerpt":{"rendered":"<p>R\u00e9servez votre s\u00e9ance Envie de d\u00e9couvrir (ou red\u00e9couvrir) la magie du tirage noir et blanc? Venez r\u00e9v\u00e9ler vos images dans notre laboratoire photo, accessible \u00e0 tous.Plongez dans l\u2019univers fascinant de la chambre noire et vivez l\u2019\u00e9motion unique de voir vos photos appara\u00eetre sous vos yeux. Ce que vous vivrez chez nous Un accompagnement personnalis\u00e9, dans une ambiance conviviale, cr\u00e9ative et passionn\u00e9e. 3 personnes maximum par session de 2 heures. Nous vous invitons \u00e0 \u00e9crire \u00e0 labo@lumieredencre.fr en indiquant vos disponibilit\u00e9s,ou \u00e0 passer nous voir Place Pablo Picasso, du mardi au samedi, de 10 h \u00e0 13 h et de 14 h \u00e0 18 h. LES TARIFS Moins de 26 ans \u2013 Tarif individuel: 25\u20ac Tarif abonn\u00e9Parce que vous \u00eates adh\u00e9rent: 35\u20ac Plein tarifBienvenue pour cette s\u00e9ance d\u00e9couverte: 50\u20ac Moins de 26 ans (\u00e0 condition d\u2019\u00eatre 3 personnes): 20\u20ac Centre d&rsquo;Art et de Photographie Lumi\u00e8re d&rsquo;Encre, Place Pablo Picasso, C\u00e9ret 04 30 82 73 30 contact@lumieredencre.fr \u00c0 propos Adh\u00e9rez \u00e0 Lumi\u00e8re d&rsquo;Encre Poste \u00e0 Pourvoir<\/p>","protected":false},"author":1,"featured_media":0,"parent":0,"menu_order":0,"comment_status":"closed","ping_status":"closed","template":"","meta":{"site-sidebar-layout":"no-sidebar","site-content-layout":"","ast-site-content-layout":"full-width-container","site-content-style":"default","site-sidebar-style":"default","ast-global-header-display":"","ast-banner-title-visibility":"","ast-main-header-display":"","ast-hfb-above-header-display":"","ast-hfb-below-header-display":"","ast-hfb-mobile-header-display":"","site-post-title":"disabled","ast-breadcrumbs-content":"","ast-featured-img":"disabled","footer-sml-layout":"","ast-disable-related-posts":"","theme-transparent-header-meta":"","adv-header-id-meta":"","stick-header-meta":"","header-above-stick-meta":"","header-main-stick-meta":"","header-below-stick-meta":"","astra-migrate-meta-layouts":"default","ast-page-background-enabled":"default","ast-page-background-meta":{"desktop":{"background-color":"var(--ast-global-color-5)","background-image":"","background-repeat":"repeat","background-position":"center center","background-size":"auto","background-attachment":"scroll","background-type":"","background-media":"","overlay-type":"","overlay-color":"","overlay-opacity":"","overlay-gradient":""},"tablet":{"background-color":"","background-image":"","background-repeat":"repeat","background-position":"center center","background-size":"auto","background-attachment":"scroll","background-type":"","background-media":"","overlay-type":"","overlay-color":"","overlay-opacity":"","overlay-gradient":""},"mobile":{"background-color":"","background-image":"","background-repeat":"repeat","background-position":"center center","background-size":"auto","background-attachment":"scroll","background-type":"","background-media":"","overlay-type":"","overlay-color":"","overlay-opacity":"","overlay-gradient":""}},"ast-content-background-meta":{"desktop":{"background-color":"var(--ast-global-color-4)","background-image":"","background-repeat":"repeat","background-position":"center center","background-size":"auto","background-attachment":"scroll","background-type":"","background-media":"","overlay-type":"","overlay-color":"","overlay-opacity":"","overlay-gradient":""},"tablet":{"background-color":"var(--ast-global-color-4)","background-image":"","background-repeat":"repeat","background-position":"center center","background-size":"auto","background-attachment":"scroll","background-type":"","background-media":"","overlay-type":"","overlay-color":"","overlay-opacity":"","overlay-gradient":""},"mobile":{"background-color":"var(--ast-global-color-4)","background-image":"","background-repeat":"repeat","background-position":"center center","background-size":"auto","background-attachment":"scroll","background-type":"","background-media":"","overlay-type":"","overlay-color":"","overlay-opacity":"","overlay-gradient":""}},"footnotes":""},"class_list":["post-11139","page","type-page","status-publish","hentry"],"yoast_head":"<!-- This site is optimized with the Yoast SEO plugin v27.4 - https:\/\/yoast.com\/product\/yoast-seo-wordpress\/ -->\n<title>Labo photo -<\/title>\n<meta name=\"robots\" content=\"index, follow, max-snippet:-1, max-image-preview:large, max-video-preview:-1\" \/>\n<link rel=\"canonical\" href=\"https:\/\/www.lumieredencre.fr\/en\/labo-photo\/\" \/>\n<meta property=\"og:locale\" content=\"en_GB\" \/>\n<meta property=\"og:type\" content=\"article\" \/>\n<meta property=\"og:title\" content=\"Labo photo -\" \/>\n<meta property=\"og:description\" content=\"R\u00e9servez votre s\u00e9ance Envie de d\u00e9couvrir (ou red\u00e9couvrir) la magie du tirage noir et blanc? Venez r\u00e9v\u00e9ler vos images dans notre laboratoire photo, accessible \u00e0 tous.Plongez dans l\u2019univers fascinant de la chambre noire et vivez l\u2019\u00e9motion unique de voir vos photos appara\u00eetre sous vos yeux. Ce que vous vivrez chez nous Un accompagnement personnalis\u00e9, dans une ambiance conviviale, cr\u00e9ative et passionn\u00e9e. 3 personnes maximum par session de 2 heures. Nous vous invitons \u00e0 \u00e9crire \u00e0 labo@lumieredencre.fr en indiquant vos disponibilit\u00e9s,ou \u00e0 passer nous voir Place Pablo Picasso, du mardi au samedi, de 10 h \u00e0 13 h et de 14 h \u00e0 18 h. LES TARIFS Moins de 26 ans \u2013 Tarif individuel: 25\u20ac Tarif abonn\u00e9Parce que vous \u00eates adh\u00e9rent: 35\u20ac Plein tarifBienvenue pour cette s\u00e9ance d\u00e9couverte: 50\u20ac Moins de 26 ans (\u00e0 condition d\u2019\u00eatre 3 personnes): 20\u20ac Centre d&rsquo;Art et de Photographie Lumi\u00e8re d&rsquo;Encre, Place Pablo Picasso, C\u00e9ret 04 30 82 73 30 contact@lumieredencre.fr \u00c0 propos Adh\u00e9rez \u00e0 Lumi\u00e8re d&rsquo;Encre Poste \u00e0 Pourvoir\" \/>\n<meta property=\"og:url\" content=\"https:\/\/www.lumieredencre.fr\/en\/labo-photo\/\" \/>\n<meta property=\"article:publisher\" content=\"https:\/\/fr-fr.facebook.com\/LumieredEncre\" \/>\n<meta property=\"article:modified_time\" content=\"2026-03-19T09:34:20+00:00\" \/>\n<meta property=\"og:image\" content=\"https:\/\/www.lumieredencre.fr\/wp-content\/uploads\/2025\/04\/footer-2.png\" \/>\n\t<meta property=\"og:image:width\" content=\"1080\" \/>\n\t<meta property=\"og:image:height\" content=\"132\" \/>\n\t<meta property=\"og:image:type\" content=\"image\/png\" \/>\n<meta name=\"twitter:card\" content=\"summary_large_image\" \/>\n<meta name=\"twitter:site\" content=\"@lumieredencre\" \/>\n<meta name=\"twitter:label1\" content=\"Estimated reading time\" \/>\n\t<meta name=\"twitter:data1\" content=\"2 minutes\" \/>\n<script type=\"application\/ld+json\" class=\"yoast-schema-graph\">{\"@context\":\"https:\\\/\\\/schema.org\",\"@graph\":[{\"@type\":\"WebPage\",\"@id\":\"https:\\\/\\\/www.lumieredencre.fr\\\/labo-photo\\\/\",\"url\":\"https:\\\/\\\/www.lumieredencre.fr\\\/labo-photo\\\/\",\"name\":\"Labo photo -\",\"isPartOf\":{\"@id\":\"https:\\\/\\\/www.lumieredencre.fr\\\/#website\"},\"primaryImageOfPage\":{\"@id\":\"https:\\\/\\\/www.lumieredencre.fr\\\/labo-photo\\\/#primaryimage\"},\"image\":{\"@id\":\"https:\\\/\\\/www.lumieredencre.fr\\\/labo-photo\\\/#primaryimage\"},\"thumbnailUrl\":\"https:\\\/\\\/www.lumieredencre.fr\\\/wp-content\\\/uploads\\\/2025\\\/04\\\/footer-2.png\",\"datePublished\":\"2025-05-28T10:14:03+00:00\",\"dateModified\":\"2026-03-19T09:34:20+00:00\",\"breadcrumb\":{\"@id\":\"https:\\\/\\\/www.lumieredencre.fr\\\/labo-photo\\\/#breadcrumb\"},\"inLanguage\":\"en-GB\",\"potentialAction\":[{\"@type\":\"ReadAction\",\"target\":[\"https:\\\/\\\/www.lumieredencre.fr\\\/labo-photo\\\/\"]}]},{\"@type\":\"ImageObject\",\"inLanguage\":\"en-GB\",\"@id\":\"https:\\\/\\\/www.lumieredencre.fr\\\/labo-photo\\\/#primaryimage\",\"url\":\"https:\\\/\\\/www.lumieredencre.fr\\\/wp-content\\\/uploads\\\/2025\\\/04\\\/footer-2.png\",\"contentUrl\":\"https:\\\/\\\/www.lumieredencre.fr\\\/wp-content\\\/uploads\\\/2025\\\/04\\\/footer-2.png\"},{\"@type\":\"BreadcrumbList\",\"@id\":\"https:\\\/\\\/www.lumieredencre.fr\\\/labo-photo\\\/#breadcrumb\",\"itemListElement\":[{\"@type\":\"ListItem\",\"position\":1,\"name\":\"Accueil\",\"item\":\"https:\\\/\\\/www.lumieredencre.fr\\\/\"},{\"@type\":\"ListItem\",\"position\":2,\"name\":\"Labo photo\"}]},{\"@type\":\"WebSite\",\"@id\":\"https:\\\/\\\/www.lumieredencre.fr\\\/#website\",\"url\":\"https:\\\/\\\/www.lumieredencre.fr\\\/\",\"name\":\"Lumi\u00e8re d Encre\",\"description\":\"\",\"publisher\":{\"@id\":\"https:\\\/\\\/www.lumieredencre.fr\\\/#organization\"},\"potentialAction\":[{\"@type\":\"SearchAction\",\"target\":{\"@type\":\"EntryPoint\",\"urlTemplate\":\"https:\\\/\\\/www.lumieredencre.fr\\\/?s={search_term_string}\"},\"query-input\":{\"@type\":\"PropertyValueSpecification\",\"valueRequired\":true,\"valueName\":\"search_term_string\"}}],\"inLanguage\":\"en-GB\"},{\"@type\":\"Organization\",\"@id\":\"https:\\\/\\\/www.lumieredencre.fr\\\/#organization\",\"name\":\"Lumi\u00e8re d'Encre\",\"url\":\"https:\\\/\\\/www.lumieredencre.fr\\\/\",\"logo\":{\"@type\":\"ImageObject\",\"inLanguage\":\"en-GB\",\"@id\":\"https:\\\/\\\/www.lumieredencre.fr\\\/#\\\/schema\\\/logo\\\/image\\\/\",\"url\":\"https:\\\/\\\/www.lumieredencre.fr\\\/wp-content\\\/uploads\\\/2020\\\/07\\\/Logo-LE-3820px-en-300dpi-Gris--scaled.jpg\",\"contentUrl\":\"https:\\\/\\\/www.lumieredencre.fr\\\/wp-content\\\/uploads\\\/2020\\\/07\\\/Logo-LE-3820px-en-300dpi-Gris--scaled.jpg\",\"width\":2560,\"height\":1920,\"caption\":\"Lumi\u00e8re d'Encre\"},\"image\":{\"@id\":\"https:\\\/\\\/www.lumieredencre.fr\\\/#\\\/schema\\\/logo\\\/image\\\/\"},\"sameAs\":[\"https:\\\/\\\/fr-fr.facebook.com\\\/LumieredEncre\",\"https:\\\/\\\/x.com\\\/lumieredencre\",\"https:\\\/\\\/www.instagram.com\\\/lumieredencre\\\/\",\"https:\\\/\\\/www.linkedin.com\\\/in\\\/lumi\u00e8re-d-encre-a57079111\\\/\",\"https:\\\/\\\/www.youtube.com\\\/channel\\\/UCavaW2PxkCTIvqlpBM07aYQ\\\/featured?view_as=subscriber\"]}]}<\/script>\n<!-- \/ Yoast SEO plugin. -->","yoast_head_json":{"title":"Labo photo -","robots":{"index":"index","follow":"follow","max-snippet":"max-snippet:-1","max-image-preview":"max-image-preview:large","max-video-preview":"max-video-preview:-1"},"canonical":"https:\/\/www.lumieredencre.fr\/en\/labo-photo\/","og_locale":"en_GB","og_type":"article","og_title":"Labo photo -","og_description":"R\u00e9servez votre s\u00e9ance Envie de d\u00e9couvrir (ou red\u00e9couvrir) la magie du tirage noir et blanc? Venez r\u00e9v\u00e9ler vos images dans notre laboratoire photo, accessible \u00e0 tous.Plongez dans l\u2019univers fascinant de la chambre noire et vivez l\u2019\u00e9motion unique de voir vos photos appara\u00eetre sous vos yeux. Ce que vous vivrez chez nous Un accompagnement personnalis\u00e9, dans une ambiance conviviale, cr\u00e9ative et passionn\u00e9e. 3 personnes maximum par session de 2 heures. Nous vous invitons \u00e0 \u00e9crire \u00e0 labo@lumieredencre.fr en indiquant vos disponibilit\u00e9s,ou \u00e0 passer nous voir Place Pablo Picasso, du mardi au samedi, de 10 h \u00e0 13 h et de 14 h \u00e0 18 h. LES TARIFS Moins de 26 ans \u2013 Tarif individuel: 25\u20ac Tarif abonn\u00e9Parce que vous \u00eates adh\u00e9rent: 35\u20ac Plein tarifBienvenue pour cette s\u00e9ance d\u00e9couverte: 50\u20ac Moins de 26 ans (\u00e0 condition d\u2019\u00eatre 3 personnes): 20\u20ac Centre d&rsquo;Art et de Photographie Lumi\u00e8re d&rsquo;Encre, Place Pablo Picasso, C\u00e9ret 04 30 82 73 30 contact@lumieredencre.fr \u00c0 propos Adh\u00e9rez \u00e0 Lumi\u00e8re d&rsquo;Encre Poste \u00e0 Pourvoir","og_url":"https:\/\/www.lumieredencre.fr\/en\/labo-photo\/","article_publisher":"https:\/\/fr-fr.facebook.com\/LumieredEncre","article_modified_time":"2026-03-19T09:34:20+00:00","og_image":[{"width":1080,"height":132,"url":"https:\/\/www.lumieredencre.fr\/wp-content\/uploads\/2025\/04\/footer-2.png","type":"image\/png"}],"twitter_card":"summary_large_image","twitter_site":"@lumieredencre","twitter_misc":{"Estimated reading time":"2 minutes"},"schema":{"@context":"https:\/\/schema.org","@graph":[{"@type":"WebPage","@id":"https:\/\/www.lumieredencre.fr\/labo-photo\/","url":"https:\/\/www.lumieredencre.fr\/labo-photo\/","name":"Labo photo -","isPartOf":{"@id":"https:\/\/www.lumieredencre.fr\/#website"},"primaryImageOfPage":{"@id":"https:\/\/www.lumieredencre.fr\/labo-photo\/#primaryimage"},"image":{"@id":"https:\/\/www.lumieredencre.fr\/labo-photo\/#primaryimage"},"thumbnailUrl":"https:\/\/www.lumieredencre.fr\/wp-content\/uploads\/2025\/04\/footer-2.png","datePublished":"2025-05-28T10:14:03+00:00","dateModified":"2026-03-19T09:34:20+00:00","breadcrumb":{"@id":"https:\/\/www.lumieredencre.fr\/labo-photo\/#breadcrumb"},"inLanguage":"en-GB","potentialAction":[{"@type":"ReadAction","target":["https:\/\/www.lumieredencre.fr\/labo-photo\/"]}]},{"@type":"ImageObject","inLanguage":"en-GB","@id":"https:\/\/www.lumieredencre.fr\/labo-photo\/#primaryimage","url":"https:\/\/www.lumieredencre.fr\/wp-content\/uploads\/2025\/04\/footer-2.png","contentUrl":"https:\/\/www.lumieredencre.fr\/wp-content\/uploads\/2025\/04\/footer-2.png"},{"@type":"BreadcrumbList","@id":"https:\/\/www.lumieredencre.fr\/labo-photo\/#breadcrumb","itemListElement":[{"@type":"ListItem","position":1,"name":"Accueil","item":"https:\/\/www.lumieredencre.fr\/"},{"@type":"ListItem","position":2,"name":"Labo photo"}]},{"@type":"WebSite","@id":"https:\/\/www.lumieredencre.fr\/#website","url":"https:\/\/www.lumieredencre.fr\/","name":"Lumi\u00e8re d Encre","description":"","publisher":{"@id":"https:\/\/www.lumieredencre.fr\/#organization"},"potentialAction":[{"@type":"SearchAction","target":{"@type":"EntryPoint","urlTemplate":"https:\/\/www.lumieredencre.fr\/?s={search_term_string}"},"query-input":{"@type":"PropertyValueSpecification","valueRequired":true,"valueName":"search_term_string"}}],"inLanguage":"en-GB"},{"@type":"Organization","@id":"https:\/\/www.lumieredencre.fr\/#organization","name":"Lumi\u00e8re d'Encre","url":"https:\/\/www.lumieredencre.fr\/","logo":{"@type":"ImageObject","inLanguage":"en-GB","@id":"https:\/\/www.lumieredencre.fr\/#\/schema\/logo\/image\/","url":"https:\/\/www.lumieredencre.fr\/wp-content\/uploads\/2020\/07\/Logo-LE-3820px-en-300dpi-Gris--scaled.jpg","contentUrl":"https:\/\/www.lumieredencre.fr\/wp-content\/uploads\/2020\/07\/Logo-LE-3820px-en-300dpi-Gris--scaled.jpg","width":2560,"height":1920,"caption":"Lumi\u00e8re d'Encre"},"image":{"@id":"https:\/\/www.lumieredencre.fr\/#\/schema\/logo\/image\/"},"sameAs":["https:\/\/fr-fr.facebook.com\/LumieredEncre","https:\/\/x.com\/lumieredencre","https:\/\/www.instagram.com\/lumieredencre\/","https:\/\/www.linkedin.com\/in\/lumi\u00e8re-d-encre-a57079111\/","https:\/\/www.youtube.com\/channel\/UCavaW2PxkCTIvqlpBM07aYQ\/featured?view_as=subscriber"]}]}},"jetpack_sharing_enabled":true,"_links":{"self":[{"href":"https:\/\/www.lumieredencre.fr\/en\/wp-json\/wp\/v2\/pages\/11139","targetHints":{"allow":["GET"]}}],"collection":[{"href":"https:\/\/www.lumieredencre.fr\/en\/wp-json\/wp\/v2\/pages"}],"about":[{"href":"https:\/\/www.lumieredencre.fr\/en\/wp-json\/wp\/v2\/types\/page"}],"author":[{"embeddable":true,"href":"https:\/\/www.lumieredencre.fr\/en\/wp-json\/wp\/v2\/users\/1"}],"replies":[{"embeddable":true,"href":"https:\/\/www.lumieredencre.fr\/en\/wp-json\/wp\/v2\/comments?post=11139"}],"version-history":[{"count":49,"href":"https:\/\/www.lumieredencre.fr\/en\/wp-json\/wp\/v2\/pages\/11139\/revisions"}],"predecessor-version":[{"id":13230,"href":"https:\/\/www.lumieredencre.fr\/en\/wp-json\/wp\/v2\/pages\/11139\/revisions\/13230"}],"wp:attachment":[{"href":"https:\/\/www.lumieredencre.fr\/en\/wp-json\/wp\/v2\/media?parent=11139"}],"curies":[{"name":"wp","href":"https:\/\/api.w.org\/{rel}","templated":true}]}}